{"id":16704,"date":"2022-07-26T18:08:29","date_gmt":"2022-07-26T16:08:29","guid":{"rendered":"https:\/\/foxeducation.com\/?page_id=16704"},"modified":"2022-07-26T18:08:29","modified_gmt":"2022-07-26T16:08:29","slug":"dream-school-contest-data-privacy","status":"publish","type":"page","link":"https:\/\/foxeducation.com\/en\/dream-school-contest-data-privacy\/","title":{"rendered":"Dream School Contest: Data privacy"},"content":{"rendered":"<div class=\"fusion-fullwidth fullwidth-box fusion-builder-row-1 fusion-flex-container nonhundred-percent-fullwidth non-hundred-percent-height-scrolling\" style=\"--awb-border-radius-top-left:0px;--awb-border-radius-top-right:0px;--awb-border-radius-bottom-right:0px;--awb-border-radius-bottom-left:0px;--awb-flex-wrap:wrap;\" ><div class=\"fusion-builder-row fusion-row fusion-flex-align-items-flex-start fusion-flex-content-wrap\" style=\"max-width:1155.44px;margin-left: calc(-4% \/ 2 );margin-right: calc(-4% \/ 2 );\"><div class=\"fusion-layout-column fusion_builder_column fusion-builder-column-0 fusion_builder_column_1_1 1_1 fusion-flex-column\" style=\"--awb-bg-size:cover;--awb-width-large:100%;--awb-margin-top-large:10px;--awb-spacing-right-large:1.92%;--awb-margin-bottom-large:10px;--awb-spacing-left-large:1.92%;--awb-width-medium:100%;--awb-order-medium:0;--awb-spacing-right-medium:1.92%;--awb-spacing-left-medium:1.92%;--awb-width-small:100%;--awb-order-small:0;--awb-spacing-right-small:1.92%;--awb-spacing-left-small:1.92%;\"><div class=\"fusion-column-wrapper fusion-column-has-shadow fusion-flex-justify-content-flex-start fusion-content-layout-column\"><div class=\"fusion-text fusion-text-1\"><h1><b>Datenschutz bei Gewinnspielen<\/b><\/h1>\n<p><span style=\"font-weight: 400;\">Durch die Teilnahme am Gewinnspiel erkla\u0308rt sich die teilnehmende Person ausdru\u0308cklich damit einverstanden, dass die Firma FoxEducation Services GmbH die fu\u0308r die Durchfu\u0308hrung des Gewinnspiels erforderlichen personenbezogenen Daten im Rahmen der datenschutzrechtlichen Bestimmungen bis zum Ablauf des Gewinnspiels verwendet und speichert.<\/span><\/p>\n<p><span style=\"font-weight: 400;\">Informationspflichten gem. Artikel 13 DSGVO<\/span><\/p>\n<ol>\n<li><b> Name und Kontaktdaten des Verantwortlichen:<\/b><\/li>\n<\/ol>\n<p><span style=\"font-weight: 400;\">Fox Education Services GmbH<\/span><span style=\"font-weight: 400;\"><br \/>\n<\/span><span style=\"font-weight: 400;\">Liechtensteinstra\u00dfe 25\/DG<\/span><span style=\"font-weight: 400;\"><br \/>\n<\/span><span style=\"font-weight: 400;\">1090 Wien<\/span><span style=\"font-weight: 400;\"><br \/>\n<\/span><span style=\"font-weight: 400;\">support@foxeducation.com<\/span><\/p>\n<ol start=\"2\">\n<li><b> Kontaktdaten des Datenschutzbeauftragten:<\/b><\/li>\n<\/ol>\n<p><span style=\"font-weight: 400;\">Ploil Boesch Rechtsanw\u00e4lte GmbH<\/span><\/p>\n<p><span style=\"font-weight: 400;\">Dr. Mario Schnakl<\/span><\/p>\n<p><span style=\"font-weight: 400;\">Stadiongasse 4<\/span><\/p>\n<p><span style=\"font-weight: 400;\">1010 Wien<\/span><\/p>\n<p><span style=\"font-weight: 400;\">datenschutz@foxeducation.com<\/span><\/p>\n<ol start=\"3\">\n<li><b> Rechtsgrundlage der Datenverarbeitung:<\/b><\/li>\n<\/ol>\n<p><span style=\"font-weight: 400;\">Art. 6 Abs. 1 lit. a DSGVO<\/span><\/p>\n<ol start=\"4\">\n<li><b> Zwecke der Datenverarbeitung:<\/b><\/li>\n<\/ol>\n<p><span style=\"font-weight: 400;\">Gewinnspiel<\/span><\/p>\n<ol start=\"5\">\n<li><b> Speicherdauer oder Kriterien fu\u0308r die Festlegung der Dauer:<\/b><\/li>\n<\/ol>\n<p><span style=\"font-weight: 400;\">Nach Beendigung des Gewinnspiels werden Ihre im Rahmen des Gewinnspiels verarbeiteten Daten grunds\u00e4tzlich innerhalb von 14 Tagen gel\u00f6scht. Ausgenommen sind Teilnehmende, die sich im Rahmen des Gewinnspiels damit einverstanden erkl\u00e4rt haben, die Nutzung der Inhalte \u00fcber das Gewinnspiel hinaus zu erlauben. Ihre Einwilligung k\u00f6nnen Sie jederzeit widerrufen. Den Widerruf k\u00f6nnen Sie per E-Mail an support@foxeducation.com erkl\u00e4ren.<\/span><\/p>\n<ol start=\"6\">\n<li><b> Empfa\u0308nger oder Kategorien von Empfa\u0308ngern der Daten:<\/b><\/li>\n<\/ol>\n<p><span style=\"font-weight: 400;\">Die Abteilung Marketing des Verantwortlichen.<\/span><\/p>\n<ol start=\"7\">\n<li><b> Hinweise auf die Rechte der Betroffenen<\/b><\/li>\n<\/ol>\n<p><span style=\"font-weight: 400;\">Die betroffene Person hat das Recht, von dem Verantwortlichen eine Besta\u0308tigung daru\u0308ber zu verlangen, ob sie betreffende personenbezogene Daten verarbeitet werden; ist dies der Fall, so hat sie ein Recht auf Auskunft u\u0308ber diese personenbezogenen Daten und auf die in Art. 15 DSGVO im einzelnen aufgefu\u0308hrten Informationen.<\/span><\/p>\n<p><span style=\"font-weight: 400;\">Die betroffene Person hat das Recht, von dem Verantwortlichen unverzu\u0308glich die Berichtigung sie betreffender unrichtiger personenbezogener Daten und ggf. die Vervollsta\u0308ndigung unvollsta\u0308ndiger personenbezogener Daten zu verlangen (Art. 16 DSGVO).\u00a0<\/span><\/p>\n<p><span style=\"font-weight: 400;\">Die betroffene Person hat das Recht, von dem Verantwortlichen zu verlangen, dass sie betreffende personenbezogene Daten unverzu\u0308glich gelo\u0308scht werden, sofern einer der in Art. 17 DSGVO im einzelnen aufgefu\u0308hrten Gru\u0308nde zutrifft, z.B. wenn die Daten fu\u0308r die verfolgten Zwecke nicht mehr beno\u0308tigt werden (Recht auf Lo\u0308schung).<\/span><\/p>\n<p><span style=\"font-weight: 400;\">Die betroffene Person hat das Recht, von dem Verantwortlichen die Einschra\u0308nkung der Verarbeitung zu verlangen, wenn eine der in Art. 18 DSGVO aufgefu\u0308hrten Voraussetzungen gegeben ist, z.B. wenn die betroffene Person Widerspruch gegen die Verarbeitung eingelegt hat, fu\u0308r die Dauer der Pru\u0308fung durch den Verantwortlichen.<\/span><\/p>\n<p><span style=\"font-weight: 400;\">Die betroffene Person hat das Recht, aus Gru\u0308nden, die sich aus ihrer besonderen Situation ergeben, jederzeit gegen die Verarbeitung sie betreffender personenbezogener Daten Widerspruch einzulegen. Der Verantwortliche verarbeitet die personenbezogenen Daten dann nicht mehr, es sei denn, er kann zwingende schutzwu\u0308rdige Gru\u0308nde fu\u0308r die Verarbeitung nachweisen, die die Interessen, Rechte und Freiheiten der betroffenen Person u\u0308berwiegen, oder die Verarbeitung dient der Geltendmachung, Ausu\u0308bung oder Verteidigung von Rechtsanspru\u0308chen (Art. 21 DSGVO).<\/span><\/p>\n<p><span style=\"font-weight: 400;\">Die betroffene Person hat das Recht, ihre Einwilligung jederzeit zu widerrufen (Art. 7 Abs. 3 DSGVO). Durch den Widerruf der Einwilligung wird die Rechtma\u0308\u00dfigkeit der aufgrund der Einwilligung bis zum Widerruf erfolgten Verarbeitung nicht beru\u0308hrt (Recht auf Widerruf ).<\/span><\/p>\n<p><span style=\"font-weight: 400;\">Jede betroffene Person hat unbeschadet eines anderweitigen verwaltungsrechtlichen oder gerichtlichen Rechtsbefehls das Recht auf Beschwerde bei einer Aufsichtsbeho\u0308rde, wenn die betroffene Person der Ansicht ist, dass die Verarbeitung der sie betreffenden personenbezogenen Daten gegen die DSGVO versto\u0308\u00dft (Art. 77 DSGVO). Die betroffene Person kann dieses Recht bei einer Aufsichtsbeho\u0308rde in dem Mitgliedstaat ihres Aufenthaltsorts, ihres Arbeitsplatzes oder des Orts des mutma\u00dflichen Versto\u00dfes geltend machen.<\/span><\/p>\n<p><span style=\"font-weight: 400;\">Die zusta\u0308ndige Aufsichtsbeho\u0308rde ist: \u00d6sterreichische Datenschutzbeh\u00f6rde, Barichgasse 40-42, 1030 Wien<\/span><\/p>\n<\/div><\/div><\/div><\/div><\/div>\n","protected":false},"excerpt":{"rendered":"","protected":false},"author":26,"featured_media":0,"parent":0,"menu_order":0,"comment_status":"closed","ping_status":"closed","template":"","meta":{"footnotes":""},"class_list":["post-16704","page","type-page","status-publish","hentry"],"yoast_head":"<!-- This site is optimized with the Yoast SEO plugin v27.3 - https:\/\/yoast.com\/product\/yoast-seo-wordpress\/ -->\n<title>Gewinnspiel Datenschutz I FoxEducation<\/title>\n<meta name=\"description\" content=\"FoxEducation respektiert die in Europa g\u00fcltigen datenschutzrechtlichen Vorgaben und kl\u00e4rt \u00fcber die Nutzung personenbezogener Daten auf.\" \/>\n<meta name=\"robots\" content=\"index, follow, max-snippet:-1, max-image-preview:large, max-video-preview:-1\" \/>\n<link rel=\"canonical\" href=\"https:\/\/foxeducation.com\/en\/dream-school-contest-data-privacy\/\" \/>\n<meta property=\"og:locale\" content=\"en_US\" \/>\n<meta property=\"og:type\" content=\"article\" \/>\n<meta property=\"og:title\" content=\"Gewinnspiel Datenschutz I FoxEducation\" \/>\n<meta property=\"og:description\" content=\"FoxEducation respektiert die in Europa g\u00fcltigen datenschutzrechtlichen Vorgaben und kl\u00e4rt \u00fcber die Nutzung personenbezogener Daten auf.\" \/>\n<meta property=\"og:url\" content=\"https:\/\/foxeducation.com\/en\/dream-school-contest-data-privacy\/\" \/>\n<meta property=\"og:site_name\" content=\"Foxeducation\" \/>\n<meta property=\"article:publisher\" content=\"https:\/\/www.facebook.com\/schoolfoxcom\/\" \/>\n<meta name=\"twitter:card\" content=\"summary_large_image\" \/>\n<script type=\"application\/ld+json\" class=\"yoast-schema-graph\">{\"@context\":\"https:\\\/\\\/schema.org\",\"@graph\":[{\"@type\":\"WebPage\",\"@id\":\"https:\\\/\\\/foxeducation.com\\\/en\\\/dream-school-contest-data-privacy\\\/\",\"url\":\"https:\\\/\\\/foxeducation.com\\\/en\\\/dream-school-contest-data-privacy\\\/\",\"name\":\"Gewinnspiel Datenschutz I FoxEducation\",\"isPartOf\":{\"@id\":\"https:\\\/\\\/foxeducation.com\\\/de\\\/#website\"},\"datePublished\":\"2022-07-26T16:08:29+00:00\",\"description\":\"FoxEducation respektiert die in Europa g\u00fcltigen datenschutzrechtlichen Vorgaben und kl\u00e4rt \u00fcber die Nutzung personenbezogener Daten auf.\",\"breadcrumb\":{\"@id\":\"https:\\\/\\\/foxeducation.com\\\/en\\\/dream-school-contest-data-privacy\\\/#breadcrumb\"},\"inLanguage\":\"en-US\",\"potentialAction\":[{\"@type\":\"ReadAction\",\"target\":[\"https:\\\/\\\/foxeducation.com\\\/en\\\/dream-school-contest-data-privacy\\\/\"]}]},{\"@type\":\"BreadcrumbList\",\"@id\":\"https:\\\/\\\/foxeducation.com\\\/en\\\/dream-school-contest-data-privacy\\\/#breadcrumb\",\"itemListElement\":[{\"@type\":\"ListItem\",\"position\":1,\"name\":\"Home\",\"item\":\"https:\\\/\\\/foxeducation.com\\\/en\\\/\"},{\"@type\":\"ListItem\",\"position\":2,\"name\":\"Dream School Contest: Data privacy\"}]},{\"@type\":\"WebSite\",\"@id\":\"https:\\\/\\\/foxeducation.com\\\/de\\\/#website\",\"url\":\"https:\\\/\\\/foxeducation.com\\\/de\\\/\",\"name\":\"Foxeducation\",\"description\":\"The School Messenger\",\"publisher\":{\"@id\":\"https:\\\/\\\/foxeducation.com\\\/de\\\/#organization\"},\"potentialAction\":[{\"@type\":\"SearchAction\",\"target\":{\"@type\":\"EntryPoint\",\"urlTemplate\":\"https:\\\/\\\/foxeducation.com\\\/de\\\/?s={search_term_string}\"},\"query-input\":{\"@type\":\"PropertyValueSpecification\",\"valueRequired\":true,\"valueName\":\"search_term_string\"}}],\"inLanguage\":\"en-US\"},{\"@type\":\"Organization\",\"@id\":\"https:\\\/\\\/foxeducation.com\\\/de\\\/#organization\",\"name\":\"Fox Education Services GmbH\",\"url\":\"https:\\\/\\\/foxeducation.com\\\/de\\\/\",\"logo\":{\"@type\":\"ImageObject\",\"inLanguage\":\"en-US\",\"@id\":\"https:\\\/\\\/foxeducation.com\\\/de\\\/#\\\/schema\\\/logo\\\/image\\\/\",\"url\":\"https:\\\/\\\/foxeducation.com\\\/wp-content\\\/uploads\\\/2022\\\/01\\\/foxeducation-Logo-Round.png\",\"contentUrl\":\"https:\\\/\\\/foxeducation.com\\\/wp-content\\\/uploads\\\/2022\\\/01\\\/foxeducation-Logo-Round.png\",\"width\":512,\"height\":512,\"caption\":\"Fox Education Services GmbH\"},\"image\":{\"@id\":\"https:\\\/\\\/foxeducation.com\\\/de\\\/#\\\/schema\\\/logo\\\/image\\\/\"},\"sameAs\":[\"https:\\\/\\\/www.facebook.com\\\/schoolfoxcom\\\/\",\"https:\\\/\\\/www.linkedin.com\\\/company\\\/schoolfox\"]}]}<\/script>\n<!-- \/ Yoast SEO plugin. -->","yoast_head_json":{"title":"Gewinnspiel Datenschutz I FoxEducation","description":"FoxEducation respektiert die in Europa g\u00fcltigen datenschutzrechtlichen Vorgaben und kl\u00e4rt \u00fcber die Nutzung personenbezogener Daten auf.","robots":{"index":"index","follow":"follow","max-snippet":"max-snippet:-1","max-image-preview":"max-image-preview:large","max-video-preview":"max-video-preview:-1"},"canonical":"https:\/\/foxeducation.com\/en\/dream-school-contest-data-privacy\/","og_locale":"en_US","og_type":"article","og_title":"Gewinnspiel Datenschutz I FoxEducation","og_description":"FoxEducation respektiert die in Europa g\u00fcltigen datenschutzrechtlichen Vorgaben und kl\u00e4rt \u00fcber die Nutzung personenbezogener Daten auf.","og_url":"https:\/\/foxeducation.com\/en\/dream-school-contest-data-privacy\/","og_site_name":"Foxeducation","article_publisher":"https:\/\/www.facebook.com\/schoolfoxcom\/","twitter_card":"summary_large_image","schema":{"@context":"https:\/\/schema.org","@graph":[{"@type":"WebPage","@id":"https:\/\/foxeducation.com\/en\/dream-school-contest-data-privacy\/","url":"https:\/\/foxeducation.com\/en\/dream-school-contest-data-privacy\/","name":"Gewinnspiel Datenschutz I FoxEducation","isPartOf":{"@id":"https:\/\/foxeducation.com\/de\/#website"},"datePublished":"2022-07-26T16:08:29+00:00","description":"FoxEducation respektiert die in Europa g\u00fcltigen datenschutzrechtlichen Vorgaben und kl\u00e4rt \u00fcber die Nutzung personenbezogener Daten auf.","breadcrumb":{"@id":"https:\/\/foxeducation.com\/en\/dream-school-contest-data-privacy\/#breadcrumb"},"inLanguage":"en-US","potentialAction":[{"@type":"ReadAction","target":["https:\/\/foxeducation.com\/en\/dream-school-contest-data-privacy\/"]}]},{"@type":"BreadcrumbList","@id":"https:\/\/foxeducation.com\/en\/dream-school-contest-data-privacy\/#breadcrumb","itemListElement":[{"@type":"ListItem","position":1,"name":"Home","item":"https:\/\/foxeducation.com\/en\/"},{"@type":"ListItem","position":2,"name":"Dream School Contest: Data privacy"}]},{"@type":"WebSite","@id":"https:\/\/foxeducation.com\/de\/#website","url":"https:\/\/foxeducation.com\/de\/","name":"Foxeducation","description":"The School Messenger","publisher":{"@id":"https:\/\/foxeducation.com\/de\/#organization"},"potentialAction":[{"@type":"SearchAction","target":{"@type":"EntryPoint","urlTemplate":"https:\/\/foxeducation.com\/de\/?s={search_term_string}"},"query-input":{"@type":"PropertyValueSpecification","valueRequired":true,"valueName":"search_term_string"}}],"inLanguage":"en-US"},{"@type":"Organization","@id":"https:\/\/foxeducation.com\/de\/#organization","name":"Fox Education Services GmbH","url":"https:\/\/foxeducation.com\/de\/","logo":{"@type":"ImageObject","inLanguage":"en-US","@id":"https:\/\/foxeducation.com\/de\/#\/schema\/logo\/image\/","url":"https:\/\/foxeducation.com\/wp-content\/uploads\/2022\/01\/foxeducation-Logo-Round.png","contentUrl":"https:\/\/foxeducation.com\/wp-content\/uploads\/2022\/01\/foxeducation-Logo-Round.png","width":512,"height":512,"caption":"Fox Education Services GmbH"},"image":{"@id":"https:\/\/foxeducation.com\/de\/#\/schema\/logo\/image\/"},"sameAs":["https:\/\/www.facebook.com\/schoolfoxcom\/","https:\/\/www.linkedin.com\/company\/schoolfox"]}]}},"_links":{"self":[{"href":"https:\/\/foxeducation.com\/en\/wp-json\/wp\/v2\/pages\/16704","targetHints":{"allow":["GET"]}}],"collection":[{"href":"https:\/\/foxeducation.com\/en\/wp-json\/wp\/v2\/pages"}],"about":[{"href":"https:\/\/foxeducation.com\/en\/wp-json\/wp\/v2\/types\/page"}],"author":[{"embeddable":true,"href":"https:\/\/foxeducation.com\/en\/wp-json\/wp\/v2\/users\/26"}],"replies":[{"embeddable":true,"href":"https:\/\/foxeducation.com\/en\/wp-json\/wp\/v2\/comments?post=16704"}],"version-history":[{"count":4,"href":"https:\/\/foxeducation.com\/en\/wp-json\/wp\/v2\/pages\/16704\/revisions"}],"predecessor-version":[{"id":17819,"href":"https:\/\/foxeducation.com\/en\/wp-json\/wp\/v2\/pages\/16704\/revisions\/17819"}],"wp:attachment":[{"href":"https:\/\/foxeducation.com\/en\/wp-json\/wp\/v2\/media?parent=16704"}],"curies":[{"name":"wp","href":"https:\/\/api.w.org\/{rel}","templated":true}]}}