{"id":5053,"date":"2021-12-02T23:29:17","date_gmt":"2021-12-02T22:29:17","guid":{"rendered":"https:\/\/foxeducation.com\/kidsfox\/webinar\/"},"modified":"2025-08-29T13:41:11","modified_gmt":"2025-08-29T11:41:11","slug":"webinar","status":"publish","type":"page","link":"https:\/\/foxeducation.com\/de\/kidsfox\/webinar\/","title":{"rendered":"Webinar"},"content":{"rendered":"<p><div class=\"fusion-fullwidth fullwidth-box fusion-builder-row-1 fusion-flex-container nonhundred-percent-fullwidth non-hundred-percent-height-scrolling schoolfox-container-2845\" style=\"--awb-border-radius-top-left:0px;--awb-border-radius-top-right:0px;--awb-border-radius-bottom-right:0px;--awb-border-radius-bottom-left:0px;--awb-padding-top-medium:10px;--awb-padding-top-small:10px;--awb-margin-top:60px;--awb-margin-bottom:80px;--awb-margin-top-medium:0px;--awb-margin-bottom-medium:64px;--awb-margin-top-small:0px;--awb-margin-bottom-small:64px;--awb-flex-wrap:wrap;\" id=\"schoolfox-container-2845\" ><div class=\"fusion-builder-row fusion-row fusion-flex-align-items-center fusion-flex-content-wrap\" style=\"max-width:1155.44px;margin-left: calc(-4% \/ 2 );margin-right: calc(-4% \/ 2 );\"><div class=\"fusion-layout-column fusion_builder_column fusion-builder-column-0 fusion_builder_column_1_2 1_2 fusion-flex-column fusion-flex-align-self-center schoolfox-container-2627-column-1\" style=\"--awb-bg-size:cover;--awb-width-large:50%;--awb-margin-top-large:10px;--awb-spacing-right-large:3.84%;--awb-margin-bottom-large:10px;--awb-spacing-left-large:3.84%;--awb-width-medium:100%;--awb-order-medium:1;--awb-margin-top-medium:33px;--awb-spacing-right-medium:1.92%;--awb-margin-bottom-medium:0;--awb-spacing-left-medium:1.92%;--awb-width-small:100%;--awb-order-small:1;--awb-margin-top-small:33px;--awb-spacing-right-small:1.92%;--awb-margin-bottom-small:0;--awb-spacing-left-small:1.92%;\" id=\"schoolfox-container-2627-column-1\"><div class=\"fusion-column-wrapper fusion-column-has-shadow fusion-flex-justify-content-center fusion-content-layout-column\"><div class=\"fusion-title title fusion-title-1 fusion-sep-none fusion-title-text fusion-title-size-div schoolfox-container-2627-title\" style=\"--awb-text-color:#ff7e00;--awb-margin-top:0px;--awb-margin-top-small:0px;--awb-margin-right-small:0px;--awb-margin-bottom-small:16px;--awb-margin-left-small:0px;--awb-margin-top-medium:0px;--awb-margin-bottom-medium:16px;--awb-font-size:40px;\" id=\"schoolfox-container-2627-title\"><div class=\"fusion-title-heading title-heading-left title-heading-tag fusion-responsive-typography-calculated\" style=\"font-family:&quot;Gilroy Bold&quot;;font-style:normal;font-weight:400;margin:0;font-size:1em;--fontSize:40;line-height:1.25;\">Von \u201cMein Name ist Hase\u201d zum schlauen Fuchs.<\/div><\/div><div class=\"fusion-text fusion-text-1\" style=\"--awb-font-size:24px;--awb-line-height:32px;--awb-text-font-family:&quot;Gilroy Regular&quot;;--awb-text-font-style:normal;--awb-text-font-weight:400;\"><div class=\"fusion-text fusion-text-8\">\n<p>Sehen Sie sich dieses kurze Video an, um KidsFox besser kennen zu lernen und hilfreiche Anwendertipps und Hinweise zu erfahren. So wird der Start in die digitale Kita-Kommunikation zum Kinderspiel.<\/p>\n<\/div>\n<\/div><\/div><\/div><div class=\"fusion-layout-column fusion_builder_column fusion-builder-column-1 fusion_builder_column_1_2 1_2 fusion-flex-column fusion-flex-align-self-center\" style=\"--awb-bg-size:cover;--awb-width-large:50%;--awb-margin-top-large:10px;--awb-spacing-right-large:3.84%;--awb-margin-bottom-large:10px;--awb-spacing-left-large:3.84%;--awb-width-medium:100%;--awb-order-medium:0;--awb-spacing-right-medium:1.92%;--awb-spacing-left-medium:1.92%;--awb-width-small:100%;--awb-order-small:0;--awb-spacing-right-small:1.92%;--awb-spacing-left-small:1.92%;\"><div class=\"fusion-column-wrapper fusion-column-has-shadow fusion-flex-justify-content-center fusion-content-layout-column\"><div class=\"fusion-lottie fusion-lottie-1\" data-id=\"1\" style=\"--awb-max-width:440px;--awb-width:100%;\"><div class=\"fusion-lottie-animation lg-mx-auto lg-mx-auto md-mx-auto sm-mx-auto\" data-path=\"https:\/\/foxeducation.com\/wp-content\/uploads\/2022\/10\/KF-Webinar-Hero-Image.json\" data-loop=\"1\" data-reverse=\"0\" data-speed=\"1\" data-trigger=\"none\"><lottie-player loop=\"1\" speed=\"1\"><\/lottie-player><\/div><\/div><\/div><\/div><\/div><\/div><div class=\"fusion-fullwidth fullwidth-box fusion-builder-row-2 fusion-flex-container fusion-parallax-none nonhundred-percent-fullwidth non-hundred-percent-height-scrolling\" style=\"--awb-border-radius-top-left:0px;--awb-border-radius-top-right:0px;--awb-border-radius-bottom-right:0px;--awb-border-radius-bottom-left:0px;--awb-background-image:url(&quot;https:\/\/foxeducation.com\/wp-content\/uploads\/2022\/09\/Background-Image-Webinar.svg&quot;);--awb-background-size:cover;--awb-flex-wrap:wrap;\" ><div class=\"fusion-builder-row fusion-row fusion-flex-align-items-flex-start fusion-flex-justify-content-center fusion-flex-content-wrap\" style=\"max-width:1155.44px;margin-left: calc(-4% \/ 2 );margin-right: calc(-4% \/ 2 );\"><div class=\"fusion-layout-column fusion_builder_column fusion-builder-column-2 fusion_builder_column_1_1 1_1 fusion-flex-column\" style=\"--awb-bg-size:cover;--awb-width-large:100%;--awb-margin-top-large:60px;--awb-spacing-right-large:1.92%;--awb-margin-bottom-large:0px;--awb-spacing-left-large:1.92%;--awb-width-medium:100%;--awb-order-medium:0;--awb-spacing-right-medium:1.92%;--awb-spacing-left-medium:1.92%;--awb-width-small:100%;--awb-order-small:0;--awb-spacing-right-small:1.92%;--awb-spacing-left-small:1.92%;\"><div class=\"fusion-column-wrapper fusion-column-has-shadow fusion-flex-justify-content-flex-start fusion-content-layout-column\"><div class=\"fusion-text fusion-text-2 fusion-text-no-margin\" style=\"--awb-margin-bottom:20px;\"><h2 style=\"text-align: center;\"><b data-stringify-type=\"bold\">Sie wollen KidsFox kennenlernen?<br \/>\n<\/b><span style=\"font-size: 18px;\">Dann sind Sie hier genau richtig!<\/span><\/h2>\n<\/div><div class=\"fusion-text fusion-text-3\" style=\"--awb-font-size:18px;--awb-line-height:30px;\"><p>In diesem 30-min\u00fctigen Video erkl\u00e4ren wir Ihnen alles, was Sie zum Start mit KidsFox wissen m\u00fcssen. Unter anderem zeigen wir Ihnen, wie Sie Gruppen anlegen, P\u00e4dagog:innen und Eltern mittels Einladungscode hinzuf\u00fcgen und \u00fcber die unterschiedlichen Nachrichtenarten effizient kommunizieren.<\/p>\n<p>Au\u00dferdem bieten wir Ihnen ersten Einblicke in praktische Funktionen wie:<\/p>\n<ul>\n<li>Erstellung eines Elternsprechtags<\/li>\n<li>Verwendung des Gruppenbuchs<\/li>\n<li>Checklisten<\/li>\n<li>Nutzung von \u00dcbersetzungssprachen<\/li>\n<li>Festlegung individueller Ruhezeiten<span class=\"c-message__edited_label\" dir=\"ltr\" data-sk=\"tooltip_parent\" aria-describedby=\"sk-tooltip-179\"><br \/>\n<\/span><\/li>\n<\/ul>\n<\/div><div class=\"fusion-text fusion-text-4\" style=\"--awb-font-size:18px;--awb-line-height:30px;\"><p>F\u00fcllen Sie das untenstehende Formular aus und Sie erhalten sofortigen Zugriff auf das Produktvorf\u00fchrungsvideo.<\/p>\n<\/div><\/div><\/div><div class=\"fusion-layout-column fusion_builder_column fusion-builder-column-3 fusion_builder_column_1_1 1_1 fusion-flex-column\" style=\"--awb-bg-size:cover;--awb-width-large:100%;--awb-margin-top-large:10px;--awb-spacing-right-large:1.92%;--awb-margin-bottom-large:10px;--awb-spacing-left-large:1.92%;--awb-width-medium:100%;--awb-order-medium:0;--awb-spacing-right-medium:1.92%;--awb-spacing-left-medium:1.92%;--awb-width-small:100%;--awb-order-small:0;--awb-spacing-right-small:1.92%;--awb-spacing-left-small:1.92%;\"><div class=\"fusion-column-wrapper fusion-column-has-shadow fusion-flex-justify-content-flex-start fusion-content-layout-column\"><div class=\"fusion-builder-row fusion-builder-row-inner fusion-row fusion-flex-align-items-flex-start fusion-flex-justify-content-center fusion-flex-content-wrap\" style=\"--awb-flex-grow:0;--awb-flex-grow-medium:0;--awb-flex-grow-small:0;--awb-flex-shrink:0;--awb-flex-shrink-medium:0;--awb-flex-shrink-small:0;width:104% !important;max-width:104% !important;margin-left: calc(-4% \/ 2 );margin-right: calc(-4% \/ 2 );\"><div class=\"fusion-layout-column fusion_builder_column_inner fusion-builder-nested-column-0 fusion_builder_column_inner_1_1 1_1 fusion-flex-column fusion-flex-align-self-flex-start foxeducation-container-product-menu-card-1\" style=\"--awb-padding-top:24px;--awb-padding-right:24px;--awb-padding-bottom:24px;--awb-padding-left:24px;--awb-overflow:hidden;--awb-bg-color:#ffffff;--awb-bg-color-hover:#ffffff;--awb-bg-size:cover;--awb-border-radius:16px 16px 16px 16px;--awb-width-large:100%;--awb-margin-top-large:48px;--awb-spacing-right-large:1.92%;--awb-margin-bottom-large:48px;--awb-spacing-left-large:1.92%;--awb-width-medium:100%;--awb-order-medium:0;--awb-margin-top-medium:10px;--awb-spacing-right-medium:1.92%;--awb-margin-bottom-medium:10px;--awb-spacing-left-medium:1.92%;--awb-width-small:100%;--awb-order-small:0;--awb-margin-top-small:10px;--awb-spacing-right-small:1.92%;--awb-margin-bottom-small:10px;--awb-spacing-left-small:1.92%;\" id=\"foxeducation-container-product-menu-card-1\"><div class=\"fusion-column-wrapper fusion-column-has-shadow fusion-flex-justify-content-flex-start fusion-content-layout-column\"><iframe id=\"pardot-form\" src=\"https:\/\/go.foxeducation.com\/l\/1095722\/2025-06-03\/8ltsv5\" type=\"text\/html\" frameborder=\"0\" style=\"width:100%; min-height:400px;\"><\/iframe>\n\n<script>\nwindow.addEventListener(\"message\", function(event) {\n  \/\/ if (event.origin !== \"https:\/\/go.foxeducation.com\") return; \/\/ opcional por seguridad\n\n  if (event.data && event.data.pardotFormHeight) {\n    var iframe = document.getElementById(\"pardot-form\");\n    if (iframe) {\n      iframe.style.height = event.data.pardotFormHeight + \"px\";\n\n      \/\/ \ud83d\udc47 Hacer scroll al iframe (para que se vea el inicio del thank-you)\n      iframe.scrollIntoView({ behavior: \"smooth\", block: \"start\" });\n    }\n  }\n}, false);\n<\/script><\/div><\/div><\/div><\/div><\/div><\/div><\/div><\/p>\n","protected":false},"excerpt":{"rendered":"","protected":false},"author":1,"featured_media":0,"parent":4960,"menu_order":0,"comment_status":"closed","ping_status":"closed","template":"schoolfox-landing-page.php","meta":{"footnotes":""},"class_list":["post-5053","page","type-page","status-publish","hentry"],"yoast_head":"<!-- This site is optimized with the Yoast SEO plugin v27.2 - https:\/\/yoast.com\/product\/yoast-seo-wordpress\/ -->\n<title>Produktvorf\u00fchrung zum Kennenlernen I KidsFox<\/title>\n<meta name=\"description\" content=\"Die 30-min\u00fctige Produktvorstellung bringt Ihnen alle Funktionalit\u00e4ten und Vorteile der KidsFox App f\u00fcr verbesserte Elternkommunikation n\u00e4her.\" \/>\n<meta name=\"robots\" content=\"index, follow, max-snippet:-1, max-image-preview:large, max-video-preview:-1\" \/>\n<link rel=\"canonical\" href=\"https:\/\/foxeducation.com\/de\/kidsfox\/webinar\/\" \/>\n<meta property=\"og:locale\" content=\"de_DE\" \/>\n<meta property=\"og:type\" content=\"article\" \/>\n<meta property=\"og:title\" content=\"Produktvorf\u00fchrung zum Kennenlernen I KidsFox\" \/>\n<meta property=\"og:description\" content=\"Die 30-min\u00fctige Produktvorstellung bringt Ihnen alle Funktionalit\u00e4ten und Vorteile der KidsFox App f\u00fcr verbesserte Elternkommunikation n\u00e4her.\" \/>\n<meta property=\"og:url\" content=\"https:\/\/foxeducation.com\/de\/kidsfox\/webinar\/\" \/>\n<meta property=\"og:site_name\" content=\"FoxEducation\" \/>\n<meta property=\"article:publisher\" content=\"https:\/\/www.facebook.com\/schoolfoxcom\/\" \/>\n<meta property=\"article:modified_time\" content=\"2025-08-29T11:41:11+00:00\" \/>\n<meta name=\"twitter:card\" content=\"summary_large_image\" \/>\n<meta name=\"twitter:label1\" content=\"Gesch\u00e4tzte Lesezeit\" \/>\n\t<meta name=\"twitter:data1\" content=\"1\u00a0Minute\" \/>\n<script type=\"application\/ld+json\" class=\"yoast-schema-graph\">{\"@context\":\"https:\/\/schema.org\",\"@graph\":[{\"@type\":\"WebPage\",\"@id\":\"https:\/\/foxeducation.com\/de\/kidsfox\/webinar\/\",\"url\":\"https:\/\/foxeducation.com\/de\/kidsfox\/webinar\/\",\"name\":\"Produktvorf\u00fchrung zum Kennenlernen I KidsFox\",\"isPartOf\":{\"@id\":\"https:\/\/foxeducation.com\/de\/#website\"},\"datePublished\":\"2021-12-02T22:29:17+00:00\",\"dateModified\":\"2025-08-29T11:41:11+00:00\",\"description\":\"Die 30-min\u00fctige Produktvorstellung bringt Ihnen alle Funktionalit\u00e4ten und Vorteile der KidsFox App f\u00fcr verbesserte Elternkommunikation n\u00e4her.\",\"breadcrumb\":{\"@id\":\"https:\/\/foxeducation.com\/de\/kidsfox\/webinar\/#breadcrumb\"},\"inLanguage\":\"de\",\"potentialAction\":[{\"@type\":\"ReadAction\",\"target\":[\"https:\/\/foxeducation.com\/de\/kidsfox\/webinar\/\"]}]},{\"@type\":\"BreadcrumbList\",\"@id\":\"https:\/\/foxeducation.com\/de\/kidsfox\/webinar\/#breadcrumb\",\"itemListElement\":[{\"@type\":\"ListItem\",\"position\":1,\"name\":\"Home\",\"item\":\"https:\/\/foxeducation.com\/de\/\"},{\"@type\":\"ListItem\",\"position\":2,\"name\":\"KidsFox\",\"item\":\"https:\/\/foxeducation.com\/de\/kidsfox\/\"},{\"@type\":\"ListItem\",\"position\":3,\"name\":\"Webinar\"}]},{\"@type\":\"WebSite\",\"@id\":\"https:\/\/foxeducation.com\/de\/#website\",\"url\":\"https:\/\/foxeducation.com\/de\/\",\"name\":\"Foxeducation\",\"description\":\"The School Messenger\",\"publisher\":{\"@id\":\"https:\/\/foxeducation.com\/de\/#organization\"},\"potentialAction\":[{\"@type\":\"SearchAction\",\"target\":{\"@type\":\"EntryPoint\",\"urlTemplate\":\"https:\/\/foxeducation.com\/de\/?s={search_term_string}\"},\"query-input\":{\"@type\":\"PropertyValueSpecification\",\"valueRequired\":true,\"valueName\":\"search_term_string\"}}],\"inLanguage\":\"de\"},{\"@type\":\"Organization\",\"@id\":\"https:\/\/foxeducation.com\/de\/#organization\",\"name\":\"Fox Education Services GmbH\",\"url\":\"https:\/\/foxeducation.com\/de\/\",\"logo\":{\"@type\":\"ImageObject\",\"inLanguage\":\"de\",\"@id\":\"https:\/\/foxeducation.com\/de\/#\/schema\/logo\/image\/\",\"url\":\"https:\/\/foxeducation.com\/wp-content\/uploads\/2022\/01\/foxeducation-Logo-Round.png\",\"contentUrl\":\"https:\/\/foxeducation.com\/wp-content\/uploads\/2022\/01\/foxeducation-Logo-Round.png\",\"width\":512,\"height\":512,\"caption\":\"Fox Education Services GmbH\"},\"image\":{\"@id\":\"https:\/\/foxeducation.com\/de\/#\/schema\/logo\/image\/\"},\"sameAs\":[\"https:\/\/www.facebook.com\/schoolfoxcom\/\",\"https:\/\/www.linkedin.com\/company\/schoolfox\"]}]}<\/script>\n<!-- \/ Yoast SEO plugin. -->","yoast_head_json":{"title":"Produktvorf\u00fchrung zum Kennenlernen I KidsFox","description":"Die 30-min\u00fctige Produktvorstellung bringt Ihnen alle Funktionalit\u00e4ten und Vorteile der KidsFox App f\u00fcr verbesserte Elternkommunikation n\u00e4her.","robots":{"index":"index","follow":"follow","max-snippet":"max-snippet:-1","max-image-preview":"max-image-preview:large","max-video-preview":"max-video-preview:-1"},"canonical":"https:\/\/foxeducation.com\/de\/kidsfox\/webinar\/","og_locale":"de_DE","og_type":"article","og_title":"Produktvorf\u00fchrung zum Kennenlernen I KidsFox","og_description":"Die 30-min\u00fctige Produktvorstellung bringt Ihnen alle Funktionalit\u00e4ten und Vorteile der KidsFox App f\u00fcr verbesserte Elternkommunikation n\u00e4her.","og_url":"https:\/\/foxeducation.com\/de\/kidsfox\/webinar\/","og_site_name":"FoxEducation","article_publisher":"https:\/\/www.facebook.com\/schoolfoxcom\/","article_modified_time":"2025-08-29T11:41:11+00:00","twitter_card":"summary_large_image","twitter_misc":{"Gesch\u00e4tzte Lesezeit":"1\u00a0Minute"},"schema":{"@context":"https:\/\/schema.org","@graph":[{"@type":"WebPage","@id":"https:\/\/foxeducation.com\/de\/kidsfox\/webinar\/","url":"https:\/\/foxeducation.com\/de\/kidsfox\/webinar\/","name":"Produktvorf\u00fchrung zum Kennenlernen I KidsFox","isPartOf":{"@id":"https:\/\/foxeducation.com\/de\/#website"},"datePublished":"2021-12-02T22:29:17+00:00","dateModified":"2025-08-29T11:41:11+00:00","description":"Die 30-min\u00fctige Produktvorstellung bringt Ihnen alle Funktionalit\u00e4ten und Vorteile der KidsFox App f\u00fcr verbesserte Elternkommunikation n\u00e4her.","breadcrumb":{"@id":"https:\/\/foxeducation.com\/de\/kidsfox\/webinar\/#breadcrumb"},"inLanguage":"de","potentialAction":[{"@type":"ReadAction","target":["https:\/\/foxeducation.com\/de\/kidsfox\/webinar\/"]}]},{"@type":"BreadcrumbList","@id":"https:\/\/foxeducation.com\/de\/kidsfox\/webinar\/#breadcrumb","itemListElement":[{"@type":"ListItem","position":1,"name":"Home","item":"https:\/\/foxeducation.com\/de\/"},{"@type":"ListItem","position":2,"name":"KidsFox","item":"https:\/\/foxeducation.com\/de\/kidsfox\/"},{"@type":"ListItem","position":3,"name":"Webinar"}]},{"@type":"WebSite","@id":"https:\/\/foxeducation.com\/de\/#website","url":"https:\/\/foxeducation.com\/de\/","name":"Foxeducation","description":"The School Messenger","publisher":{"@id":"https:\/\/foxeducation.com\/de\/#organization"},"potentialAction":[{"@type":"SearchAction","target":{"@type":"EntryPoint","urlTemplate":"https:\/\/foxeducation.com\/de\/?s={search_term_string}"},"query-input":{"@type":"PropertyValueSpecification","valueRequired":true,"valueName":"search_term_string"}}],"inLanguage":"de"},{"@type":"Organization","@id":"https:\/\/foxeducation.com\/de\/#organization","name":"Fox Education Services GmbH","url":"https:\/\/foxeducation.com\/de\/","logo":{"@type":"ImageObject","inLanguage":"de","@id":"https:\/\/foxeducation.com\/de\/#\/schema\/logo\/image\/","url":"https:\/\/foxeducation.com\/wp-content\/uploads\/2022\/01\/foxeducation-Logo-Round.png","contentUrl":"https:\/\/foxeducation.com\/wp-content\/uploads\/2022\/01\/foxeducation-Logo-Round.png","width":512,"height":512,"caption":"Fox Education Services GmbH"},"image":{"@id":"https:\/\/foxeducation.com\/de\/#\/schema\/logo\/image\/"},"sameAs":["https:\/\/www.facebook.com\/schoolfoxcom\/","https:\/\/www.linkedin.com\/company\/schoolfox"]}]}},"_links":{"self":[{"href":"https:\/\/foxeducation.com\/de\/wp-json\/wp\/v2\/pages\/5053","targetHints":{"allow":["GET"]}}],"collection":[{"href":"https:\/\/foxeducation.com\/de\/wp-json\/wp\/v2\/pages"}],"about":[{"href":"https:\/\/foxeducation.com\/de\/wp-json\/wp\/v2\/types\/page"}],"author":[{"embeddable":true,"href":"https:\/\/foxeducation.com\/de\/wp-json\/wp\/v2\/users\/1"}],"replies":[{"embeddable":true,"href":"https:\/\/foxeducation.com\/de\/wp-json\/wp\/v2\/comments?post=5053"}],"version-history":[{"count":55,"href":"https:\/\/foxeducation.com\/de\/wp-json\/wp\/v2\/pages\/5053\/revisions"}],"predecessor-version":[{"id":33905,"href":"https:\/\/foxeducation.com\/de\/wp-json\/wp\/v2\/pages\/5053\/revisions\/33905"}],"up":[{"embeddable":true,"href":"https:\/\/foxeducation.com\/de\/wp-json\/wp\/v2\/pages\/4960"}],"wp:attachment":[{"href":"https:\/\/foxeducation.com\/de\/wp-json\/wp\/v2\/media?parent=5053"}],"curies":[{"name":"wp","href":"https:\/\/api.w.org\/{rel}","templated":true}]}}