{"id":4503,"date":"2021-05-10T15:11:41","date_gmt":"2021-05-10T13:11:41","guid":{"rendered":"https:\/\/foxeducation.com\/schoolfox\/webinar\/"},"modified":"2024-04-26T13:13:00","modified_gmt":"2024-04-26T11:13:00","slug":"webinar","status":"publish","type":"page","link":"https:\/\/foxeducation.com\/de\/schoolfox\/webinar\/","title":{"rendered":"Webinar"},"content":{"rendered":"<p><div class=\"fusion-fullwidth fullwidth-box fusion-builder-row-1 fusion-flex-container nonhundred-percent-fullwidth non-hundred-percent-height-scrolling schoolfox-container-2845\" style=\"--awb-border-radius-top-left:0px;--awb-border-radius-top-right:0px;--awb-border-radius-bottom-right:0px;--awb-border-radius-bottom-left:0px;--awb-padding-top:50px;--awb-padding-bottom:60px;--awb-margin-top-small:-30px;--awb-flex-wrap:wrap;\" id=\"schoolfox-container-2845\" ><div class=\"fusion-builder-row fusion-row fusion-flex-align-items-center fusion-flex-content-wrap\" style=\"max-width:1155.44px;margin-left: calc(-4% \/ 2 );margin-right: calc(-4% \/ 2 );\"><div class=\"fusion-layout-column fusion_builder_column fusion-builder-column-0 fusion_builder_column_1_2 1_2 fusion-flex-column fusion-flex-align-self-center schoolfox-container-2627-column-1\" style=\"--awb-bg-size:cover;--awb-width-large:50%;--awb-margin-top-large:10px;--awb-spacing-right-large:3.84%;--awb-margin-bottom-large:10px;--awb-spacing-left-large:3.84%;--awb-width-medium:100%;--awb-order-medium:1;--awb-margin-top-medium:33px;--awb-spacing-right-medium:1.92%;--awb-margin-bottom-medium:0;--awb-spacing-left-medium:1.92%;--awb-width-small:100%;--awb-order-small:1;--awb-margin-top-small:33px;--awb-spacing-right-small:1.92%;--awb-margin-bottom-small:0;--awb-spacing-left-small:1.92%;\" id=\"schoolfox-container-2627-column-1\"><div class=\"fusion-column-wrapper fusion-column-has-shadow fusion-flex-justify-content-center fusion-content-layout-column\"><div class=\"fusion-title title fusion-title-1 fusion-sep-none fusion-title-text fusion-title-size-div schoolfox-container-2627-title\" style=\"--awb-text-color:#663399;--awb-margin-top:0px;--awb-margin-top-small:0px;--awb-margin-right-small:0px;--awb-margin-bottom-small:16px;--awb-margin-left-small:0px;--awb-margin-top-medium:0px;--awb-margin-bottom-medium:16px;--awb-font-size:40px;\" id=\"schoolfox-container-2627-title\"><div class=\"fusion-title-heading title-heading-left title-heading-tag fusion-responsive-typography-calculated\" style=\"font-family:&quot;Gilroy Bold&quot;;font-style:normal;font-weight:400;margin:0;font-size:1em;--fontSize:40;line-height:1.25;\">Von &#8222;Mein Name ist Hase&#8220; zum schlauen Fuchs.<\/div><\/div><div class=\"fusion-text fusion-text-1\" style=\"--awb-font-size:24px;--awb-line-height:32px;\"><p>Sehen Sie sich dieses kurze Video an, um SchoolFox besser kennen zu lernen und hilfreiche Anwendertipps und Hinweise zu erfahren. So wird der Start in die digitale Schulkommunikation zum Kinderspiel.<\/p>\n<\/div><\/div><\/div><div class=\"fusion-layout-column fusion_builder_column fusion-builder-column-1 fusion_builder_column_1_2 1_2 fusion-flex-column fusion-flex-align-self-center\" style=\"--awb-bg-size:cover;--awb-width-large:50%;--awb-margin-top-large:10px;--awb-spacing-right-large:3.84%;--awb-margin-bottom-large:10px;--awb-spacing-left-large:3.84%;--awb-width-medium:100%;--awb-order-medium:0;--awb-spacing-right-medium:1.92%;--awb-spacing-left-medium:1.92%;--awb-width-small:100%;--awb-order-small:0;--awb-spacing-right-small:1.92%;--awb-spacing-left-small:1.92%;\"><div class=\"fusion-column-wrapper fusion-column-has-shadow fusion-flex-justify-content-center fusion-content-layout-column\"><div class=\"fusion-lottie fusion-lottie-1\" data-id=\"1\" style=\"--awb-max-width:440px;--awb-width:100%;\"><div class=\"fusion-lottie-animation lg-mx-auto lg-mx-auto md-mx-auto sm-mx-auto\" data-path=\"https:\/\/foxeducation.com\/wp-content\/uploads\/2022\/10\/SF-Webinar-Hero-Image.json\" data-loop=\"1\" data-reverse=\"0\" data-speed=\"1\" data-trigger=\"none\"><lottie-player loop=\"1\" speed=\"1\"><\/lottie-player><\/div><\/div><\/div><\/div><\/div><\/div><div class=\"fusion-fullwidth fullwidth-box fusion-builder-row-2 fusion-flex-container fusion-parallax-none nonhundred-percent-fullwidth non-hundred-percent-height-scrolling\" style=\"--awb-border-radius-top-left:0px;--awb-border-radius-top-right:0px;--awb-border-radius-bottom-right:0px;--awb-border-radius-bottom-left:0px;--awb-background-image:url(&quot;https:\/\/foxeducation.com\/wp-content\/uploads\/2022\/09\/Background-Image-Webinar.svg&quot;);--awb-background-size:cover;--awb-flex-wrap:wrap;\" ><div class=\"fusion-builder-row fusion-row fusion-flex-align-items-flex-start fusion-flex-justify-content-center fusion-flex-content-wrap\" style=\"max-width:1155.44px;margin-left: calc(-4% \/ 2 );margin-right: calc(-4% \/ 2 );\"><div class=\"fusion-layout-column fusion_builder_column fusion-builder-column-2 fusion_builder_column_1_1 1_1 fusion-flex-column\" style=\"--awb-bg-size:cover;--awb-width-large:100%;--awb-margin-top-large:60px;--awb-spacing-right-large:1.92%;--awb-margin-bottom-large:0px;--awb-spacing-left-large:1.92%;--awb-width-medium:100%;--awb-order-medium:0;--awb-spacing-right-medium:1.92%;--awb-spacing-left-medium:1.92%;--awb-width-small:100%;--awb-order-small:0;--awb-spacing-right-small:1.92%;--awb-spacing-left-small:1.92%;\"><div class=\"fusion-column-wrapper fusion-column-has-shadow fusion-flex-justify-content-flex-start fusion-content-layout-column\"><div class=\"fusion-text fusion-text-2 fusion-text-no-margin\" style=\"--awb-margin-bottom:20px;\"><h3 style=\"text-align: center;\"><b data-stringify-type=\"bold\">Sie wollen SchoolFox kennenlernen?<br \/>\n<\/b><span style=\"font-size: 18px;\">Dann sind Sie hier genau richtig!<\/span><\/h3>\n<\/div><div class=\"fusion-text fusion-text-3\" style=\"--awb-font-size:18px;--awb-line-height:30px;\"><p>In diesem 30-min\u00fctigen Video erkl\u00e4ren wir Ihnen alles, was Sie zum Start mit SchoolFox wissen m\u00fcssen. Unter anderem zeigen wir Ihnen, wie Sie Klassen und Sch\u00fcler:innen-Listen anlegen, Lehrkr\u00e4fte und Eltern mittels Einladungscode hinzuf\u00fcgen und \u00fcber die unterschiedlichen Nachrichtenarten effizient kommunizieren.<\/p>\n<p>Au\u00dferdem bieten wir Ihnen ersten Einblicke in praktische Funktionen wie:<\/p>\n<ul>\n<li>Erstellung eines Elternsprechtags<\/li>\n<li>Verwendung des Klassenbuchs<\/li>\n<li>Checklisten<\/li>\n<li>Nutzung von \u00dcbersetzungssprachen<\/li>\n<li>Festlegung individueller Ruhezeiten<span class=\"c-message__edited_label\" dir=\"ltr\" data-sk=\"tooltip_parent\" aria-describedby=\"sk-tooltip-179\"><br \/>\n<\/span><\/li>\n<\/ul>\n<\/div><div class=\"fusion-text fusion-text-4\" style=\"--awb-font-size:18px;--awb-line-height:30px;\"><p>F\u00fcllen Sie das untenstehende Formular aus und Sie erhalten sofortigen Zugriff auf das Produktvorf\u00fchrungsvideo.<\/p>\n<\/div><\/div><\/div><div class=\"fusion-layout-column fusion_builder_column fusion-builder-column-3 fusion_builder_column_1_1 1_1 fusion-flex-column\" style=\"--awb-bg-size:cover;--awb-width-large:100%;--awb-margin-top-large:10px;--awb-spacing-right-large:1.92%;--awb-margin-bottom-large:10px;--awb-spacing-left-large:1.92%;--awb-width-medium:100%;--awb-order-medium:0;--awb-spacing-right-medium:1.92%;--awb-spacing-left-medium:1.92%;--awb-width-small:100%;--awb-order-small:0;--awb-spacing-right-small:1.92%;--awb-spacing-left-small:1.92%;\"><div class=\"fusion-column-wrapper fusion-column-has-shadow fusion-flex-justify-content-flex-start fusion-content-layout-column\"><div class=\"fusion-builder-row fusion-builder-row-inner fusion-row fusion-flex-align-items-flex-start fusion-flex-justify-content-center fusion-flex-content-wrap\" style=\"--awb-flex-grow:0;--awb-flex-grow-medium:0;--awb-flex-grow-small:0;--awb-flex-shrink:0;--awb-flex-shrink-medium:0;--awb-flex-shrink-small:0;width:104% !important;max-width:104% !important;margin-left: calc(-4% \/ 2 );margin-right: calc(-4% \/ 2 );\"><div class=\"fusion-layout-column fusion_builder_column_inner fusion-builder-nested-column-0 fusion_builder_column_inner_1_1 1_1 fusion-flex-column fusion-flex-align-self-flex-start foxeducation-container-product-menu-card-1\" style=\"--awb-padding-top:24px;--awb-padding-right:24px;--awb-padding-bottom:24px;--awb-padding-left:24px;--awb-overflow:hidden;--awb-bg-color:#ffffff;--awb-bg-color-hover:#ffffff;--awb-bg-size:cover;--awb-border-radius:16px 16px 16px 16px;--awb-width-large:100%;--awb-margin-top-large:48px;--awb-spacing-right-large:1.92%;--awb-margin-bottom-large:48px;--awb-spacing-left-large:1.92%;--awb-width-medium:100%;--awb-order-medium:0;--awb-margin-top-medium:10px;--awb-spacing-right-medium:1.92%;--awb-margin-bottom-medium:10px;--awb-spacing-left-medium:1.92%;--awb-width-small:100%;--awb-order-small:0;--awb-margin-top-small:10px;--awb-spacing-right-small:1.92%;--awb-margin-bottom-small:10px;--awb-spacing-left-small:1.92%;\" id=\"foxeducation-container-product-menu-card-1\"><div class=\"fusion-column-wrapper fusion-column-has-shadow fusion-flex-justify-content-flex-start fusion-content-layout-column\"><script charset=\"utf-8\" type=\"text\/javascript\" src=\"\/\/js-eu1.hsforms.net\/forms\/embed\/v2.js\"><\/script>\n<script>\n  hbspt.forms.create({\n    region: \"eu1\",\n    portalId: \"25075703\",\n    formId: \"c5f59115-d06c-4dd3-8ec8-91dff334687b\"\n  });\n<\/script><\/div><\/div><\/div><\/div><\/div><\/div><\/div><\/p>\n","protected":false},"excerpt":{"rendered":"","protected":false},"author":1,"featured_media":0,"parent":4407,"menu_order":0,"comment_status":"closed","ping_status":"closed","template":"schoolfox-landing-page.php","meta":{"footnotes":""},"class_list":["post-4503","page","type-page","status-publish","hentry"],"yoast_head":"<!-- This site is optimized with the Yoast SEO plugin v27.3 - https:\/\/yoast.com\/product\/yoast-seo-wordpress\/ -->\n<title>Produktvorf\u00fchrung zum Kennenlernen | SchoolFox<\/title>\n<meta name=\"description\" content=\"Das unverbindliche Webinar bringt Ihnen alle Funktionalit\u00e4ten und Vorteile der SchoolFox App f\u00fcr effiziente Schulkommunikation n\u00e4her.\" \/>\n<meta name=\"robots\" content=\"index, follow, max-snippet:-1, max-image-preview:large, max-video-preview:-1\" \/>\n<link rel=\"canonical\" href=\"https:\/\/foxeducation.com\/de\/schoolfox\/webinar\/\" \/>\n<meta property=\"og:locale\" content=\"de_DE\" \/>\n<meta property=\"og:type\" content=\"article\" \/>\n<meta property=\"og:title\" content=\"Produktvorf\u00fchrung zum Kennenlernen | SchoolFox\" \/>\n<meta property=\"og:description\" content=\"Das unverbindliche Webinar bringt Ihnen alle Funktionalit\u00e4ten und Vorteile der SchoolFox App f\u00fcr effiziente Schulkommunikation n\u00e4her.\" \/>\n<meta property=\"og:url\" content=\"https:\/\/foxeducation.com\/de\/schoolfox\/webinar\/\" \/>\n<meta property=\"og:site_name\" content=\"FoxEducation\" \/>\n<meta property=\"article:publisher\" content=\"https:\/\/www.facebook.com\/schoolfoxcom\/\" \/>\n<meta property=\"article:modified_time\" content=\"2024-04-26T11:13:00+00:00\" \/>\n<meta name=\"twitter:card\" content=\"summary_large_image\" \/>\n<meta name=\"twitter:label1\" content=\"Gesch\u00e4tzte Lesezeit\" \/>\n\t<meta name=\"twitter:data1\" content=\"5\u00a0Minuten\" \/>\n<script type=\"application\/ld+json\" class=\"yoast-schema-graph\">{\"@context\":\"https:\\\/\\\/schema.org\",\"@graph\":[{\"@type\":\"WebPage\",\"@id\":\"https:\\\/\\\/foxeducation.com\\\/de\\\/schoolfox\\\/webinar\\\/\",\"url\":\"https:\\\/\\\/foxeducation.com\\\/de\\\/schoolfox\\\/webinar\\\/\",\"name\":\"Produktvorf\u00fchrung zum Kennenlernen | SchoolFox\",\"isPartOf\":{\"@id\":\"https:\\\/\\\/foxeducation.com\\\/de\\\/#website\"},\"datePublished\":\"2021-05-10T13:11:41+00:00\",\"dateModified\":\"2024-04-26T11:13:00+00:00\",\"description\":\"Das unverbindliche Webinar bringt Ihnen alle Funktionalit\u00e4ten und Vorteile der SchoolFox App f\u00fcr effiziente Schulkommunikation n\u00e4her.\",\"breadcrumb\":{\"@id\":\"https:\\\/\\\/foxeducation.com\\\/de\\\/schoolfox\\\/webinar\\\/#breadcrumb\"},\"inLanguage\":\"de\",\"potentialAction\":[{\"@type\":\"ReadAction\",\"target\":[\"https:\\\/\\\/foxeducation.com\\\/de\\\/schoolfox\\\/webinar\\\/\"]}]},{\"@type\":\"BreadcrumbList\",\"@id\":\"https:\\\/\\\/foxeducation.com\\\/de\\\/schoolfox\\\/webinar\\\/#breadcrumb\",\"itemListElement\":[{\"@type\":\"ListItem\",\"position\":1,\"name\":\"Home\",\"item\":\"https:\\\/\\\/foxeducation.com\\\/de\\\/\"},{\"@type\":\"ListItem\",\"position\":2,\"name\":\"SchoolFox\",\"item\":\"https:\\\/\\\/foxeducation.com\\\/de\\\/schoolfox\\\/\"},{\"@type\":\"ListItem\",\"position\":3,\"name\":\"Webinar\"}]},{\"@type\":\"WebSite\",\"@id\":\"https:\\\/\\\/foxeducation.com\\\/de\\\/#website\",\"url\":\"https:\\\/\\\/foxeducation.com\\\/de\\\/\",\"name\":\"Foxeducation\",\"description\":\"The School Messenger\",\"publisher\":{\"@id\":\"https:\\\/\\\/foxeducation.com\\\/de\\\/#organization\"},\"potentialAction\":[{\"@type\":\"SearchAction\",\"target\":{\"@type\":\"EntryPoint\",\"urlTemplate\":\"https:\\\/\\\/foxeducation.com\\\/de\\\/?s={search_term_string}\"},\"query-input\":{\"@type\":\"PropertyValueSpecification\",\"valueRequired\":true,\"valueName\":\"search_term_string\"}}],\"inLanguage\":\"de\"},{\"@type\":\"Organization\",\"@id\":\"https:\\\/\\\/foxeducation.com\\\/de\\\/#organization\",\"name\":\"Fox Education Services GmbH\",\"url\":\"https:\\\/\\\/foxeducation.com\\\/de\\\/\",\"logo\":{\"@type\":\"ImageObject\",\"inLanguage\":\"de\",\"@id\":\"https:\\\/\\\/foxeducation.com\\\/de\\\/#\\\/schema\\\/logo\\\/image\\\/\",\"url\":\"https:\\\/\\\/foxeducation.com\\\/wp-content\\\/uploads\\\/2022\\\/01\\\/foxeducation-Logo-Round.png\",\"contentUrl\":\"https:\\\/\\\/foxeducation.com\\\/wp-content\\\/uploads\\\/2022\\\/01\\\/foxeducation-Logo-Round.png\",\"width\":512,\"height\":512,\"caption\":\"Fox Education Services GmbH\"},\"image\":{\"@id\":\"https:\\\/\\\/foxeducation.com\\\/de\\\/#\\\/schema\\\/logo\\\/image\\\/\"},\"sameAs\":[\"https:\\\/\\\/www.facebook.com\\\/schoolfoxcom\\\/\",\"https:\\\/\\\/www.linkedin.com\\\/company\\\/schoolfox\"]}]}<\/script>\n<!-- \/ Yoast SEO plugin. -->","yoast_head_json":{"title":"Produktvorf\u00fchrung zum Kennenlernen | SchoolFox","description":"Das unverbindliche Webinar bringt Ihnen alle Funktionalit\u00e4ten und Vorteile der SchoolFox App f\u00fcr effiziente Schulkommunikation n\u00e4her.","robots":{"index":"index","follow":"follow","max-snippet":"max-snippet:-1","max-image-preview":"max-image-preview:large","max-video-preview":"max-video-preview:-1"},"canonical":"https:\/\/foxeducation.com\/de\/schoolfox\/webinar\/","og_locale":"de_DE","og_type":"article","og_title":"Produktvorf\u00fchrung zum Kennenlernen | SchoolFox","og_description":"Das unverbindliche Webinar bringt Ihnen alle Funktionalit\u00e4ten und Vorteile der SchoolFox App f\u00fcr effiziente Schulkommunikation n\u00e4her.","og_url":"https:\/\/foxeducation.com\/de\/schoolfox\/webinar\/","og_site_name":"FoxEducation","article_publisher":"https:\/\/www.facebook.com\/schoolfoxcom\/","article_modified_time":"2024-04-26T11:13:00+00:00","twitter_card":"summary_large_image","twitter_misc":{"Gesch\u00e4tzte Lesezeit":"5\u00a0Minuten"},"schema":{"@context":"https:\/\/schema.org","@graph":[{"@type":"WebPage","@id":"https:\/\/foxeducation.com\/de\/schoolfox\/webinar\/","url":"https:\/\/foxeducation.com\/de\/schoolfox\/webinar\/","name":"Produktvorf\u00fchrung zum Kennenlernen | SchoolFox","isPartOf":{"@id":"https:\/\/foxeducation.com\/de\/#website"},"datePublished":"2021-05-10T13:11:41+00:00","dateModified":"2024-04-26T11:13:00+00:00","description":"Das unverbindliche Webinar bringt Ihnen alle Funktionalit\u00e4ten und Vorteile der SchoolFox App f\u00fcr effiziente Schulkommunikation n\u00e4her.","breadcrumb":{"@id":"https:\/\/foxeducation.com\/de\/schoolfox\/webinar\/#breadcrumb"},"inLanguage":"de","potentialAction":[{"@type":"ReadAction","target":["https:\/\/foxeducation.com\/de\/schoolfox\/webinar\/"]}]},{"@type":"BreadcrumbList","@id":"https:\/\/foxeducation.com\/de\/schoolfox\/webinar\/#breadcrumb","itemListElement":[{"@type":"ListItem","position":1,"name":"Home","item":"https:\/\/foxeducation.com\/de\/"},{"@type":"ListItem","position":2,"name":"SchoolFox","item":"https:\/\/foxeducation.com\/de\/schoolfox\/"},{"@type":"ListItem","position":3,"name":"Webinar"}]},{"@type":"WebSite","@id":"https:\/\/foxeducation.com\/de\/#website","url":"https:\/\/foxeducation.com\/de\/","name":"Foxeducation","description":"The School Messenger","publisher":{"@id":"https:\/\/foxeducation.com\/de\/#organization"},"potentialAction":[{"@type":"SearchAction","target":{"@type":"EntryPoint","urlTemplate":"https:\/\/foxeducation.com\/de\/?s={search_term_string}"},"query-input":{"@type":"PropertyValueSpecification","valueRequired":true,"valueName":"search_term_string"}}],"inLanguage":"de"},{"@type":"Organization","@id":"https:\/\/foxeducation.com\/de\/#organization","name":"Fox Education Services GmbH","url":"https:\/\/foxeducation.com\/de\/","logo":{"@type":"ImageObject","inLanguage":"de","@id":"https:\/\/foxeducation.com\/de\/#\/schema\/logo\/image\/","url":"https:\/\/foxeducation.com\/wp-content\/uploads\/2022\/01\/foxeducation-Logo-Round.png","contentUrl":"https:\/\/foxeducation.com\/wp-content\/uploads\/2022\/01\/foxeducation-Logo-Round.png","width":512,"height":512,"caption":"Fox Education Services GmbH"},"image":{"@id":"https:\/\/foxeducation.com\/de\/#\/schema\/logo\/image\/"},"sameAs":["https:\/\/www.facebook.com\/schoolfoxcom\/","https:\/\/www.linkedin.com\/company\/schoolfox"]}]}},"_links":{"self":[{"href":"https:\/\/foxeducation.com\/de\/wp-json\/wp\/v2\/pages\/4503","targetHints":{"allow":["GET"]}}],"collection":[{"href":"https:\/\/foxeducation.com\/de\/wp-json\/wp\/v2\/pages"}],"about":[{"href":"https:\/\/foxeducation.com\/de\/wp-json\/wp\/v2\/types\/page"}],"author":[{"embeddable":true,"href":"https:\/\/foxeducation.com\/de\/wp-json\/wp\/v2\/users\/1"}],"replies":[{"embeddable":true,"href":"https:\/\/foxeducation.com\/de\/wp-json\/wp\/v2\/comments?post=4503"}],"version-history":[{"count":183,"href":"https:\/\/foxeducation.com\/de\/wp-json\/wp\/v2\/pages\/4503\/revisions"}],"predecessor-version":[{"id":31594,"href":"https:\/\/foxeducation.com\/de\/wp-json\/wp\/v2\/pages\/4503\/revisions\/31594"}],"up":[{"embeddable":true,"href":"https:\/\/foxeducation.com\/de\/wp-json\/wp\/v2\/pages\/4407"}],"wp:attachment":[{"href":"https:\/\/foxeducation.com\/de\/wp-json\/wp\/v2\/media?parent=4503"}],"curies":[{"name":"wp","href":"https:\/\/api.w.org\/{rel}","templated":true}]}}