{"id":34335,"date":"2026-05-08T13:12:13","date_gmt":"2026-05-08T11:12:13","guid":{"rendered":"https:\/\/foxeducation.com\/?page_id=34335"},"modified":"2026-05-11T16:06:35","modified_gmt":"2026-05-11T14:06:35","slug":"kidsfox-demo-request","status":"publish","type":"page","link":"https:\/\/foxeducation.com\/de\/kidsfox\/kidsfox-demo-request\/","title":{"rendered":"KidsFox demo request"},"content":{"rendered":"<div class=\"fusion-fullwidth fullwidth-box fusion-builder-row-1 fusion-flex-container has-pattern-background has-mask-background nonhundred-percent-fullwidth non-hundred-percent-height-scrolling\" style=\"--awb-border-radius-top-left:0px;--awb-border-radius-top-right:0px;--awb-border-radius-bottom-right:0px;--awb-border-radius-bottom-left:0px;--awb-flex-wrap:wrap;\" ><div class=\"fusion-builder-row fusion-row fusion-flex-align-items-flex-start fusion-flex-content-wrap\" style=\"max-width:1155.44px;margin-left: calc(-4% \/ 2 );margin-right: calc(-4% \/ 2 );\"><div class=\"fusion-layout-column fusion_builder_column fusion-builder-column-0 fusion_builder_column_1_1 1_1 fusion-flex-column\" style=\"--awb-bg-size:cover;--awb-width-large:100%;--awb-margin-top-large:10px;--awb-spacing-right-large:1.92%;--awb-margin-bottom-large:10px;--awb-spacing-left-large:1.92%;--awb-width-medium:100%;--awb-order-medium:0;--awb-spacing-right-medium:1.92%;--awb-spacing-left-medium:1.92%;--awb-width-small:100%;--awb-order-small:0;--awb-spacing-right-small:1.92%;--awb-spacing-left-small:1.92%;\"><div class=\"fusion-column-wrapper fusion-column-has-shadow fusion-flex-justify-content-flex-start fusion-content-layout-column\"><div class=\"fusion-title title fusion-title-1 fusion-sep-none fusion-title-center fusion-title-text fusion-title-size-two schoolfox-container-2583-title\" style=\"--awb-text-color:#ff7e00;--awb-margin-top-small:32px;--awb-margin-right-small:0px;--awb-margin-bottom-small:8px;--awb-margin-left-small:0px;--awb-margin-top-medium:32px;--awb-margin-bottom-medium:8px;\" id=\"schoolfox-container-2583-title\"><h2 class=\"fusion-title-heading title-heading-center fusion-responsive-typography-calculated\" style=\"margin:0;--fontSize:32;line-height:1.25;\">Jetzt Demo anfragen<\/h2><\/div><div class=\"fusion-text fusion-text-1 schoolfox-container-2583-text\" style=\"--awb-content-alignment:center;--awb-text-color:#000000;\" id=\"schoolfox-container-2583-text\"><p>Wir freuen uns, Ihnen in einem kostenlosen Beratungsgespr\u00e4ch unser Produkt zeigen zu d\u00fcrfen und all Ihre Fragen zu beantworten. F\u00fcllen Sie einfach unser Formular aus und wir melden uns bei Ihnen.<\/p>\n<\/div><iframe id=\"pardot-form\" src=\"https:\/\/go.foxeducation.com\/l\/1095722\/2026-05-08\/8mhg84\" type=\"text\/html\" frameborder=\"0\" style=\"width:100%; min-height:400px;\"><\/iframe>\n\n<script>\nwindow.addEventListener(\"message\", function(event) {\n  \/\/ if (event.origin !== \"https:\/\/go.foxeducation.com\") return; \/\/ opcional por seguridad\n\n  if (event.data && event.data.pardotFormHeight) {\n    var iframe = document.getElementById(\"pardot-form\");\n    if (iframe) {\n      iframe.style.height = event.data.pardotFormHeight + \"px\";\n\n      \/\/ \ud83d\udc47 Hacer scroll al iframe (para que se vea el inicio del thank-you)\n      iframe.scrollIntoView({ behavior: \"smooth\", block: \"start\" });\n    }\n  }\n}, false);\n<\/script><\/div><\/div><\/div><\/div>\n","protected":false},"excerpt":{"rendered":"","protected":false},"author":35,"featured_media":0,"parent":4960,"menu_order":0,"comment_status":"closed","ping_status":"closed","template":"schoolfox-landing-page.php","meta":{"footnotes":""},"class_list":["post-34335","page","type-page","status-publish","hentry"],"yoast_head":"<!-- This site is optimized with the Yoast SEO plugin v27.5 - https:\/\/yoast.com\/product\/yoast-seo-wordpress\/ -->\n<title>KidsFox demo request - FoxEducation<\/title>\n<meta name=\"robots\" content=\"index, follow, max-snippet:-1, max-image-preview:large, max-video-preview:-1\" \/>\n<link rel=\"canonical\" href=\"https:\/\/foxeducation.com\/de\/kidsfox\/kidsfox-demo-request\/\" \/>\n<meta property=\"og:locale\" content=\"de_DE\" \/>\n<meta property=\"og:type\" content=\"article\" \/>\n<meta property=\"og:title\" content=\"KidsFox demo request - FoxEducation\" \/>\n<meta property=\"og:url\" content=\"https:\/\/foxeducation.com\/de\/kidsfox\/kidsfox-demo-request\/\" \/>\n<meta property=\"og:site_name\" content=\"FoxEducation\" \/>\n<meta property=\"article:publisher\" content=\"https:\/\/www.facebook.com\/schoolfoxcom\/\" \/>\n<meta property=\"article:modified_time\" content=\"2026-05-11T14:06:35+00:00\" \/>\n<meta name=\"twitter:card\" content=\"summary_large_image\" \/>\n<meta name=\"twitter:label1\" content=\"Gesch\u00e4tzte Lesezeit\" \/>\n\t<meta name=\"twitter:data1\" content=\"1\u00a0Minute\" \/>\n<script type=\"application\/ld+json\" class=\"yoast-schema-graph\">{\"@context\":\"https:\\\/\\\/schema.org\",\"@graph\":[{\"@type\":\"WebPage\",\"@id\":\"https:\\\/\\\/foxeducation.com\\\/de\\\/kidsfox\\\/kidsfox-demo-request\\\/\",\"url\":\"https:\\\/\\\/foxeducation.com\\\/de\\\/kidsfox\\\/kidsfox-demo-request\\\/\",\"name\":\"KidsFox demo request - FoxEducation\",\"isPartOf\":{\"@id\":\"https:\\\/\\\/foxeducation.com\\\/de\\\/#website\"},\"datePublished\":\"2026-05-08T11:12:13+00:00\",\"dateModified\":\"2026-05-11T14:06:35+00:00\",\"breadcrumb\":{\"@id\":\"https:\\\/\\\/foxeducation.com\\\/de\\\/kidsfox\\\/kidsfox-demo-request\\\/#breadcrumb\"},\"inLanguage\":\"de\",\"potentialAction\":[{\"@type\":\"ReadAction\",\"target\":[\"https:\\\/\\\/foxeducation.com\\\/de\\\/kidsfox\\\/kidsfox-demo-request\\\/\"]}]},{\"@type\":\"BreadcrumbList\",\"@id\":\"https:\\\/\\\/foxeducation.com\\\/de\\\/kidsfox\\\/kidsfox-demo-request\\\/#breadcrumb\",\"itemListElement\":[{\"@type\":\"ListItem\",\"position\":1,\"name\":\"Home\",\"item\":\"https:\\\/\\\/foxeducation.com\\\/de\\\/\"},{\"@type\":\"ListItem\",\"position\":2,\"name\":\"KidsFox\",\"item\":\"https:\\\/\\\/foxeducation.com\\\/de\\\/kidsfox\\\/\"},{\"@type\":\"ListItem\",\"position\":3,\"name\":\"KidsFox demo request\"}]},{\"@type\":\"WebSite\",\"@id\":\"https:\\\/\\\/foxeducation.com\\\/de\\\/#website\",\"url\":\"https:\\\/\\\/foxeducation.com\\\/de\\\/\",\"name\":\"Foxeducation\",\"description\":\"The School Messenger\",\"publisher\":{\"@id\":\"https:\\\/\\\/foxeducation.com\\\/de\\\/#organization\"},\"potentialAction\":[{\"@type\":\"SearchAction\",\"target\":{\"@type\":\"EntryPoint\",\"urlTemplate\":\"https:\\\/\\\/foxeducation.com\\\/de\\\/?s={search_term_string}\"},\"query-input\":{\"@type\":\"PropertyValueSpecification\",\"valueRequired\":true,\"valueName\":\"search_term_string\"}}],\"inLanguage\":\"de\"},{\"@type\":\"Organization\",\"@id\":\"https:\\\/\\\/foxeducation.com\\\/de\\\/#organization\",\"name\":\"Fox Education Services GmbH\",\"url\":\"https:\\\/\\\/foxeducation.com\\\/de\\\/\",\"logo\":{\"@type\":\"ImageObject\",\"inLanguage\":\"de\",\"@id\":\"https:\\\/\\\/foxeducation.com\\\/de\\\/#\\\/schema\\\/logo\\\/image\\\/\",\"url\":\"https:\\\/\\\/foxeducation.com\\\/wp-content\\\/uploads\\\/2022\\\/01\\\/foxeducation-Logo-Round.png\",\"contentUrl\":\"https:\\\/\\\/foxeducation.com\\\/wp-content\\\/uploads\\\/2022\\\/01\\\/foxeducation-Logo-Round.png\",\"width\":512,\"height\":512,\"caption\":\"Fox Education Services GmbH\"},\"image\":{\"@id\":\"https:\\\/\\\/foxeducation.com\\\/de\\\/#\\\/schema\\\/logo\\\/image\\\/\"},\"sameAs\":[\"https:\\\/\\\/www.facebook.com\\\/schoolfoxcom\\\/\",\"https:\\\/\\\/www.linkedin.com\\\/company\\\/schoolfox\"]}]}<\/script>\n<!-- \/ Yoast SEO plugin. -->","yoast_head_json":{"title":"KidsFox demo request - FoxEducation","robots":{"index":"index","follow":"follow","max-snippet":"max-snippet:-1","max-image-preview":"max-image-preview:large","max-video-preview":"max-video-preview:-1"},"canonical":"https:\/\/foxeducation.com\/de\/kidsfox\/kidsfox-demo-request\/","og_locale":"de_DE","og_type":"article","og_title":"KidsFox demo request - FoxEducation","og_url":"https:\/\/foxeducation.com\/de\/kidsfox\/kidsfox-demo-request\/","og_site_name":"FoxEducation","article_publisher":"https:\/\/www.facebook.com\/schoolfoxcom\/","article_modified_time":"2026-05-11T14:06:35+00:00","twitter_card":"summary_large_image","twitter_misc":{"Gesch\u00e4tzte Lesezeit":"1\u00a0Minute"},"schema":{"@context":"https:\/\/schema.org","@graph":[{"@type":"WebPage","@id":"https:\/\/foxeducation.com\/de\/kidsfox\/kidsfox-demo-request\/","url":"https:\/\/foxeducation.com\/de\/kidsfox\/kidsfox-demo-request\/","name":"KidsFox demo request - FoxEducation","isPartOf":{"@id":"https:\/\/foxeducation.com\/de\/#website"},"datePublished":"2026-05-08T11:12:13+00:00","dateModified":"2026-05-11T14:06:35+00:00","breadcrumb":{"@id":"https:\/\/foxeducation.com\/de\/kidsfox\/kidsfox-demo-request\/#breadcrumb"},"inLanguage":"de","potentialAction":[{"@type":"ReadAction","target":["https:\/\/foxeducation.com\/de\/kidsfox\/kidsfox-demo-request\/"]}]},{"@type":"BreadcrumbList","@id":"https:\/\/foxeducation.com\/de\/kidsfox\/kidsfox-demo-request\/#breadcrumb","itemListElement":[{"@type":"ListItem","position":1,"name":"Home","item":"https:\/\/foxeducation.com\/de\/"},{"@type":"ListItem","position":2,"name":"KidsFox","item":"https:\/\/foxeducation.com\/de\/kidsfox\/"},{"@type":"ListItem","position":3,"name":"KidsFox demo request"}]},{"@type":"WebSite","@id":"https:\/\/foxeducation.com\/de\/#website","url":"https:\/\/foxeducation.com\/de\/","name":"Foxeducation","description":"The School Messenger","publisher":{"@id":"https:\/\/foxeducation.com\/de\/#organization"},"potentialAction":[{"@type":"SearchAction","target":{"@type":"EntryPoint","urlTemplate":"https:\/\/foxeducation.com\/de\/?s={search_term_string}"},"query-input":{"@type":"PropertyValueSpecification","valueRequired":true,"valueName":"search_term_string"}}],"inLanguage":"de"},{"@type":"Organization","@id":"https:\/\/foxeducation.com\/de\/#organization","name":"Fox Education Services GmbH","url":"https:\/\/foxeducation.com\/de\/","logo":{"@type":"ImageObject","inLanguage":"de","@id":"https:\/\/foxeducation.com\/de\/#\/schema\/logo\/image\/","url":"https:\/\/foxeducation.com\/wp-content\/uploads\/2022\/01\/foxeducation-Logo-Round.png","contentUrl":"https:\/\/foxeducation.com\/wp-content\/uploads\/2022\/01\/foxeducation-Logo-Round.png","width":512,"height":512,"caption":"Fox Education Services GmbH"},"image":{"@id":"https:\/\/foxeducation.com\/de\/#\/schema\/logo\/image\/"},"sameAs":["https:\/\/www.facebook.com\/schoolfoxcom\/","https:\/\/www.linkedin.com\/company\/schoolfox"]}]}},"_links":{"self":[{"href":"https:\/\/foxeducation.com\/de\/wp-json\/wp\/v2\/pages\/34335","targetHints":{"allow":["GET"]}}],"collection":[{"href":"https:\/\/foxeducation.com\/de\/wp-json\/wp\/v2\/pages"}],"about":[{"href":"https:\/\/foxeducation.com\/de\/wp-json\/wp\/v2\/types\/page"}],"author":[{"embeddable":true,"href":"https:\/\/foxeducation.com\/de\/wp-json\/wp\/v2\/users\/35"}],"replies":[{"embeddable":true,"href":"https:\/\/foxeducation.com\/de\/wp-json\/wp\/v2\/comments?post=34335"}],"version-history":[{"count":4,"href":"https:\/\/foxeducation.com\/de\/wp-json\/wp\/v2\/pages\/34335\/revisions"}],"predecessor-version":[{"id":34435,"href":"https:\/\/foxeducation.com\/de\/wp-json\/wp\/v2\/pages\/34335\/revisions\/34435"}],"up":[{"embeddable":true,"href":"https:\/\/foxeducation.com\/de\/wp-json\/wp\/v2\/pages\/4960"}],"wp:attachment":[{"href":"https:\/\/foxeducation.com\/de\/wp-json\/wp\/v2\/media?parent=34335"}],"curies":[{"name":"wp","href":"https:\/\/api.w.org\/{rel}","templated":true}]}}