{"id":32378,"date":"2024-07-19T13:01:41","date_gmt":"2024-07-19T11:01:41","guid":{"rendered":"https:\/\/foxeducation.com\/?page_id=32378"},"modified":"2025-08-29T13:51:33","modified_gmt":"2025-08-29T11:51:33","slug":"auftakt","status":"publish","type":"page","link":"https:\/\/foxeducation.com\/de\/kidsfox\/auftakt\/","title":{"rendered":"KidsFox Auftaktgespr\u00e4che"},"content":{"rendered":"<p><div class=\"fusion-fullwidth fullwidth-box fusion-builder-row-1 fusion-flex-container nonhundred-percent-fullwidth non-hundred-percent-height-scrolling schoolfox-container-2845\" style=\"--link_hover_color: #ff7e00;--link_color: #ff7e00;--awb-border-radius-top-left:0px;--awb-border-radius-top-right:0px;--awb-border-radius-bottom-right:0px;--awb-border-radius-bottom-left:0px;--awb-padding-top-medium:10px;--awb-padding-top-small:10px;--awb-margin-top:60px;--awb-margin-bottom:80px;--awb-margin-top-medium:0px;--awb-margin-bottom-medium:64px;--awb-margin-top-small:0px;--awb-margin-bottom-small:64px;--awb-flex-wrap:wrap;\" id=\"schoolfox-container-2845\" ><div class=\"fusion-builder-row fusion-row fusion-flex-align-items-center fusion-flex-content-wrap\" style=\"max-width:1155.44px;margin-left: calc(-4% \/ 2 );margin-right: calc(-4% \/ 2 );\"><div class=\"fusion-layout-column fusion_builder_column fusion-builder-column-0 fusion_builder_column_1_2 1_2 fusion-flex-column fusion-flex-align-self-center schoolfox-container-2627-column-1\" style=\"--awb-bg-size:cover;--awb-width-large:50%;--awb-margin-top-large:10px;--awb-spacing-right-large:3.84%;--awb-margin-bottom-large:10px;--awb-spacing-left-large:3.84%;--awb-width-medium:100%;--awb-order-medium:1;--awb-margin-top-medium:33px;--awb-spacing-right-medium:1.92%;--awb-margin-bottom-medium:0;--awb-spacing-left-medium:1.92%;--awb-width-small:100%;--awb-order-small:1;--awb-margin-top-small:33px;--awb-spacing-right-small:1.92%;--awb-margin-bottom-small:0;--awb-spacing-left-small:1.92%;\" id=\"schoolfox-container-2627-column-1\"><div class=\"fusion-column-wrapper fusion-column-has-shadow fusion-flex-justify-content-center fusion-content-layout-column\"><div class=\"fusion-title title fusion-title-1 fusion-sep-none fusion-title-text fusion-title-size-div schoolfox-container-2627-title\" style=\"--awb-text-color:#ff7e00;--awb-margin-top:0px;--awb-margin-top-small:0px;--awb-margin-right-small:0px;--awb-margin-bottom-small:16px;--awb-margin-left-small:0px;--awb-margin-top-medium:0px;--awb-margin-bottom-medium:16px;--awb-font-size:40px;\" id=\"schoolfox-container-2627-title\"><div class=\"fusion-title-heading title-heading-left title-heading-tag fusion-responsive-typography-calculated\" style=\"font-family:&quot;Gilroy Bold&quot;;font-style:normal;font-weight:400;margin:0;font-size:1em;--fontSize:40;line-height:1.25;\">Wir holen Sie App!<\/div><\/div><div class=\"fusion-text fusion-text-1\" style=\"--awb-font-size:24px;--awb-line-height:32px;--awb-text-font-family:&quot;Gilroy Regular&quot;;--awb-text-font-style:normal;--awb-text-font-weight:400;\"><div class=\"fusion-text fusion-text-8\">\n<div>Mit unseren <strong>KidsFox Auftaktgespr\u00e4chen f\u00fcr Admins<\/strong> setzen wir gemeinsam die n\u00e4chsten Schritte in der digitalen Kitakommunikation und -organisation.<\/div>\n<\/div>\n<\/div><\/div><\/div><div class=\"fusion-layout-column fusion_builder_column fusion-builder-column-1 fusion_builder_column_1_2 1_2 fusion-flex-column fusion-flex-align-self-center\" style=\"--awb-bg-size:cover;--awb-width-large:50%;--awb-margin-top-large:10px;--awb-spacing-right-large:3.84%;--awb-margin-bottom-large:10px;--awb-spacing-left-large:3.84%;--awb-width-medium:100%;--awb-order-medium:0;--awb-spacing-right-medium:1.92%;--awb-spacing-left-medium:1.92%;--awb-width-small:100%;--awb-order-small:0;--awb-spacing-right-small:1.92%;--awb-spacing-left-small:1.92%;\"><div class=\"fusion-column-wrapper fusion-column-has-shadow fusion-flex-justify-content-center fusion-content-layout-column\"><div class=\"fusion-lottie fusion-lottie-1\" data-id=\"1\" style=\"--awb-max-width:440px;--awb-width:100%;\"><div class=\"fusion-lottie-animation lg-mx-auto lg-mx-auto md-mx-auto sm-mx-auto\" data-path=\"https:\/\/foxeducation.com\/wp-content\/uploads\/2024\/07\/KF-Webinar-Back-to-School.json\" data-loop=\"1\" data-reverse=\"0\" data-speed=\"1\" data-trigger=\"none\"><lottie-player loop=\"1\" speed=\"1\"><\/lottie-player><\/div><\/div><\/div><\/div><\/div><\/div><div id=\"Anmeldung\" class=\"fusion-container-anchor\"><div class=\"fusion-fullwidth fullwidth-box fusion-builder-row-2 fusion-flex-container fusion-parallax-none nonhundred-percent-fullwidth non-hundred-percent-height-scrolling\" style=\"--awb-border-radius-top-left:0px;--awb-border-radius-top-right:0px;--awb-border-radius-bottom-right:0px;--awb-border-radius-bottom-left:0px;--awb-background-image:url(&quot;https:\/\/foxeducation.com\/wp-content\/uploads\/2022\/09\/Background-Image-Webinar.svg&quot;);--awb-background-size:cover;--awb-flex-wrap:wrap;\" ><div class=\"fusion-builder-row fusion-row fusion-flex-align-items-flex-start fusion-flex-justify-content-center fusion-flex-content-wrap\" style=\"max-width:1155.44px;margin-left: calc(-4% \/ 2 );margin-right: calc(-4% \/ 2 );\"><div class=\"fusion-layout-column fusion_builder_column fusion-builder-column-2 fusion_builder_column_1_1 1_1 fusion-flex-column\" style=\"--awb-bg-size:cover;--awb-width-large:100%;--awb-margin-top-large:60px;--awb-spacing-right-large:1.92%;--awb-margin-bottom-large:0px;--awb-spacing-left-large:1.92%;--awb-width-medium:100%;--awb-order-medium:0;--awb-spacing-right-medium:1.92%;--awb-spacing-left-medium:1.92%;--awb-width-small:100%;--awb-order-small:0;--awb-spacing-right-small:1.92%;--awb-spacing-left-small:1.92%;\"><div class=\"fusion-column-wrapper fusion-column-has-shadow fusion-flex-justify-content-flex-start fusion-content-layout-column\"><div class=\"fusion-text fusion-text-2 fusion-text-no-margin\" style=\"--awb-margin-bottom:20px;\"><h2 style=\"text-align: center;\"><b data-stringify-type=\"bold\">KidsFox Auftaktgespr\u00e4che<br \/>\n<\/b><span style=\"font-size: 18px;\">Was Sie schon immer \u00fcber KidsFox wissen wollten.<\/span><\/h2>\n<\/div><div class=\"fusion-text fusion-text-3\" style=\"--awb-font-size:18px;--awb-line-height:30px;\"><p>In unseren <strong>Auftaktgespr\u00e4chen f\u00fcr KidsFox\u00a0<\/strong> erfahren Sie alles \u00fcber Features, die das Bildungsleben leichter machen und <strong>Neuigkeiten<\/strong>, die Sie <strong>als Admin<\/strong> nicht verpassen sollten. Als Schlaufuchs kann man mit KidsFox unterschiedliche Wege gehen. Um alle dort app-zuholen wo sie gerade stehen, haben wir jeweils ein Webinar f\u00fcr junge F\u00fcchse und eines f\u00fcr alte Hasen aufgezeichnet.<\/p>\n<\/div><\/div><\/div><div class=\"fusion-layout-column fusion_builder_column fusion-builder-column-3 fusion_builder_column_1_2 1_2 fusion-flex-column\" style=\"--awb-padding-top:35px;--awb-padding-right:20px;--awb-padding-bottom:20px;--awb-padding-left:26px;--awb-overflow:hidden;--awb-bg-color:#ffffff;--awb-bg-color-hover:#ffffff;--awb-bg-size:cover;--awb-box-shadow:3px 3px 3px 2px #d6d6d6;;--awb-border-radius:16px 16px 16px 16px;--awb-width-large:50%;--awb-margin-top-large:10px;--awb-spacing-right-large:3.84%;--awb-margin-bottom-large:10px;--awb-spacing-left-large:3.84%;--awb-width-medium:100%;--awb-order-medium:0;--awb-spacing-right-medium:1.92%;--awb-spacing-left-medium:1.92%;--awb-width-small:100%;--awb-order-small:0;--awb-spacing-right-small:1.92%;--awb-spacing-left-small:1.92%;\" data-scroll-devices=\"small-visibility,medium-visibility,large-visibility\"><div class=\"fusion-column-wrapper fusion-column-has-shadow fusion-flex-justify-content-flex-start fusion-content-layout-column\"><div class=\"fusion-text fusion-text-4 fusion-text-no-margin\" style=\"--awb-margin-bottom:20px;\"><h2 style=\"text-align: center;\"><b data-stringify-type=\"bold\">\u00a0Das Einstiegs-Webinar<br \/>\n<\/b><span style=\"font-size: 18px;\">\u00a0F\u00fcr einen guten Start als KidsFox-Admin<br \/>\n<\/span><\/h2>\n<\/div><div class=\"fusion-text fusion-text-5\" style=\"--awb-font-size:18px;--awb-line-height:30px;\"><p><strong>Inhalt<\/strong><\/p>\n<ul>\n<li>Erste Schritte als Admin\n<ul>\n<li>Einstieg und Implementierung<\/li>\n<li>Willkommensbriefe versenden<\/li>\n<li>hilfreiche Plattformen f\u00fcr Admins<\/li>\n<\/ul>\n<\/li>\n<li>Praktische Features f\u00fcr den Kita-Alltag\n<ul>\n<li>Gruppenbuch Basiswissen<\/li>\n<li>Elterngespr\u00e4che organisieren<\/li>\n<li>FoxPay Basiswissen<\/li>\n<\/ul>\n<\/li>\n<li>Kennen Sie schon&#8230;\n<ul>\n<li>Vorlagen<\/li>\n<li>Checklisten<\/li>\n<li>Umfragen<\/li>\n<li>FoxPortfolio<\/li>\n<\/ul>\n<\/li>\n<\/ul>\n<\/div><div style=\"text-align:center;\"><a class=\"fusion-button button-flat fusion-button-default-size button-default fusion-button-default button-1 fusion-button-default-span fusion-button-default-type\" style=\"--button-border-radius-top-left:0;--button-border-radius-top-right:0;--button-border-radius-bottom-right:0;--button-border-radius-bottom-left:0;--button_margin-bottom:50px;\" target=\"_blank\" rel=\"noopener noreferrer\" href=\"https:\/\/youtu.be\/vzm1_ALOP7s\"><span class=\"fusion-button-text awb-button__text awb-button__text--default\">Zur Aufzeichnung<\/span><\/a><\/div><\/div><\/div><div class=\"fusion-layout-column fusion_builder_column fusion-builder-column-4 fusion_builder_column_1_2 1_2 fusion-flex-column\" style=\"--awb-padding-top:35px;--awb-padding-right:20px;--awb-padding-bottom:20px;--awb-padding-left:26px;--awb-overflow:hidden;--awb-bg-color:#ffffff;--awb-bg-color-hover:#ffffff;--awb-bg-size:cover;--awb-box-shadow:3px 3px 3px 2px #d6d6d6;;--awb-border-radius:16px 16px 16px 16px;--awb-width-large:50%;--awb-margin-top-large:10px;--awb-spacing-right-large:3.84%;--awb-margin-bottom-large:10px;--awb-spacing-left-large:3.84%;--awb-width-medium:100%;--awb-order-medium:0;--awb-spacing-right-medium:1.92%;--awb-spacing-left-medium:1.92%;--awb-width-small:100%;--awb-order-small:0;--awb-spacing-right-small:1.92%;--awb-spacing-left-small:1.92%;\" data-scroll-devices=\"small-visibility,medium-visibility,large-visibility\"><div class=\"fusion-column-wrapper fusion-column-has-shadow fusion-flex-justify-content-flex-start fusion-content-layout-column\"><div class=\"fusion-text fusion-text-6 fusion-text-no-margin\" style=\"--awb-margin-bottom:20px;\"><h2 style=\"text-align: center;\"><b data-stringify-type=\"bold\">Das Expert:innen Webinar<br \/>\n<\/b><span style=\"font-size: 18px;\">F\u00fcr KidsFox-Admins mit Erfahrung<\/span><\/h2>\n<\/div><div class=\"fusion-text fusion-text-7\" style=\"--awb-font-size:18px;--awb-line-height:30px;\"><p><strong>Inhalt<\/strong><\/p>\n<ul>\n<li>Neues von KidsFox\n<ul>\n<li>Gruppenbuch &#8211; Erweiterte Funktionen<\/li>\n<li>Organisationsweite und Individuelle Sprechzeiten<\/li>\n<li>FoxPay: Vorkasse und Abrechnung<\/li>\n<\/ul>\n<\/li>\n<li>Tipps und Tricks\n<ul>\n<li>Effizienter arbeiten mit Vorlagen<\/li>\n<li>Checklisten richtig anwenden<\/li>\n<li>Umfragen praktisch nutzen<\/li>\n<li>Entwicklungsgespr\u00e4che mit FoxPortfolio f\u00fchren<\/li>\n<\/ul>\n<\/li>\n<li>Gut zu wissen\n<ul>\n<li>Willkommensbriefe<\/li>\n<li>Knowledege Base<\/li>\n<li>FoxHub<\/li>\n<\/ul>\n<\/li>\n<\/ul>\n<\/div><div style=\"text-align:center;\"><a class=\"fusion-button button-flat fusion-button-default-size button-default fusion-button-default button-2 fusion-button-default-span fusion-button-default-type\" style=\"--button-border-radius-top-left:0;--button-border-radius-top-right:0;--button-border-radius-bottom-right:0;--button-border-radius-bottom-left:0;--button_margin-bottom:50px;\" target=\"_self\" href=\"https:\/\/youtu.be\/D_wzVdtY7Gg\"><span class=\"fusion-button-text awb-button__text awb-button__text--default\">Zur Aufzeichnung<\/span><\/a><\/div><\/div><\/div><\/div><\/div><\/div><\/p>\n","protected":false},"excerpt":{"rendered":"","protected":false},"author":31,"featured_media":0,"parent":4960,"menu_order":0,"comment_status":"closed","ping_status":"closed","template":"100-width.php","meta":{"footnotes":""},"class_list":["post-32378","page","type-page","status-publish","hentry"],"yoast_head":"<!-- This site is optimized with the Yoast SEO plugin v27.3 - https:\/\/yoast.com\/product\/yoast-seo-wordpress\/ -->\n<title>Weiterbildung f\u00fcr KidsFox<\/title>\n<meta name=\"description\" content=\"Machen Sie sich schlau! Mit unserem neuen Weiterbildungsprogramm f\u00fcr KidsFox bereiten wir Sie auf einen effizienten Herbst vor.\" \/>\n<meta name=\"robots\" content=\"index, follow, max-snippet:-1, max-image-preview:large, max-video-preview:-1\" \/>\n<link rel=\"canonical\" href=\"https:\/\/foxeducation.com\/de\/kidsfox\/auftakt\/\" \/>\n<meta property=\"og:locale\" content=\"de_DE\" \/>\n<meta property=\"og:type\" content=\"article\" \/>\n<meta property=\"og:title\" content=\"Weiterbildung f\u00fcr KidsFox\" \/>\n<meta property=\"og:description\" content=\"Machen Sie sich schlau! Mit unserem neuen Weiterbildungsprogramm f\u00fcr KidsFox bereiten wir Sie auf einen effizienten Herbst vor.\" \/>\n<meta property=\"og:url\" content=\"https:\/\/foxeducation.com\/de\/kidsfox\/auftakt\/\" \/>\n<meta property=\"og:site_name\" content=\"FoxEducation\" \/>\n<meta property=\"article:publisher\" content=\"https:\/\/www.facebook.com\/schoolfoxcom\/\" \/>\n<meta property=\"article:modified_time\" content=\"2025-08-29T11:51:33+00:00\" \/>\n<meta name=\"twitter:card\" content=\"summary_large_image\" \/>\n<meta name=\"twitter:label1\" content=\"Gesch\u00e4tzte Lesezeit\" \/>\n\t<meta name=\"twitter:data1\" content=\"1\u00a0Minute\" \/>\n<script type=\"application\/ld+json\" class=\"yoast-schema-graph\">{\"@context\":\"https:\\\/\\\/schema.org\",\"@graph\":[{\"@type\":\"WebPage\",\"@id\":\"https:\\\/\\\/foxeducation.com\\\/de\\\/kidsfox\\\/auftakt\\\/\",\"url\":\"https:\\\/\\\/foxeducation.com\\\/de\\\/kidsfox\\\/auftakt\\\/\",\"name\":\"Weiterbildung f\u00fcr KidsFox\",\"isPartOf\":{\"@id\":\"https:\\\/\\\/foxeducation.com\\\/de\\\/#website\"},\"datePublished\":\"2024-07-19T11:01:41+00:00\",\"dateModified\":\"2025-08-29T11:51:33+00:00\",\"description\":\"Machen Sie sich schlau! Mit unserem neuen Weiterbildungsprogramm f\u00fcr KidsFox bereiten wir Sie auf einen effizienten Herbst vor.\",\"breadcrumb\":{\"@id\":\"https:\\\/\\\/foxeducation.com\\\/de\\\/kidsfox\\\/auftakt\\\/#breadcrumb\"},\"inLanguage\":\"de\",\"potentialAction\":[{\"@type\":\"ReadAction\",\"target\":[\"https:\\\/\\\/foxeducation.com\\\/de\\\/kidsfox\\\/auftakt\\\/\"]}]},{\"@type\":\"BreadcrumbList\",\"@id\":\"https:\\\/\\\/foxeducation.com\\\/de\\\/kidsfox\\\/auftakt\\\/#breadcrumb\",\"itemListElement\":[{\"@type\":\"ListItem\",\"position\":1,\"name\":\"Home\",\"item\":\"https:\\\/\\\/foxeducation.com\\\/de\\\/\"},{\"@type\":\"ListItem\",\"position\":2,\"name\":\"KidsFox\",\"item\":\"https:\\\/\\\/foxeducation.com\\\/de\\\/kidsfox\\\/\"},{\"@type\":\"ListItem\",\"position\":3,\"name\":\"KidsFox Auftaktgespr\u00e4che\"}]},{\"@type\":\"WebSite\",\"@id\":\"https:\\\/\\\/foxeducation.com\\\/de\\\/#website\",\"url\":\"https:\\\/\\\/foxeducation.com\\\/de\\\/\",\"name\":\"Foxeducation\",\"description\":\"The School Messenger\",\"publisher\":{\"@id\":\"https:\\\/\\\/foxeducation.com\\\/de\\\/#organization\"},\"potentialAction\":[{\"@type\":\"SearchAction\",\"target\":{\"@type\":\"EntryPoint\",\"urlTemplate\":\"https:\\\/\\\/foxeducation.com\\\/de\\\/?s={search_term_string}\"},\"query-input\":{\"@type\":\"PropertyValueSpecification\",\"valueRequired\":true,\"valueName\":\"search_term_string\"}}],\"inLanguage\":\"de\"},{\"@type\":\"Organization\",\"@id\":\"https:\\\/\\\/foxeducation.com\\\/de\\\/#organization\",\"name\":\"Fox Education Services GmbH\",\"url\":\"https:\\\/\\\/foxeducation.com\\\/de\\\/\",\"logo\":{\"@type\":\"ImageObject\",\"inLanguage\":\"de\",\"@id\":\"https:\\\/\\\/foxeducation.com\\\/de\\\/#\\\/schema\\\/logo\\\/image\\\/\",\"url\":\"https:\\\/\\\/foxeducation.com\\\/wp-content\\\/uploads\\\/2022\\\/01\\\/foxeducation-Logo-Round.png\",\"contentUrl\":\"https:\\\/\\\/foxeducation.com\\\/wp-content\\\/uploads\\\/2022\\\/01\\\/foxeducation-Logo-Round.png\",\"width\":512,\"height\":512,\"caption\":\"Fox Education Services GmbH\"},\"image\":{\"@id\":\"https:\\\/\\\/foxeducation.com\\\/de\\\/#\\\/schema\\\/logo\\\/image\\\/\"},\"sameAs\":[\"https:\\\/\\\/www.facebook.com\\\/schoolfoxcom\\\/\",\"https:\\\/\\\/www.linkedin.com\\\/company\\\/schoolfox\"]}]}<\/script>\n<!-- \/ Yoast SEO plugin. -->","yoast_head_json":{"title":"Weiterbildung f\u00fcr KidsFox","description":"Machen Sie sich schlau! Mit unserem neuen Weiterbildungsprogramm f\u00fcr KidsFox bereiten wir Sie auf einen effizienten Herbst vor.","robots":{"index":"index","follow":"follow","max-snippet":"max-snippet:-1","max-image-preview":"max-image-preview:large","max-video-preview":"max-video-preview:-1"},"canonical":"https:\/\/foxeducation.com\/de\/kidsfox\/auftakt\/","og_locale":"de_DE","og_type":"article","og_title":"Weiterbildung f\u00fcr KidsFox","og_description":"Machen Sie sich schlau! Mit unserem neuen Weiterbildungsprogramm f\u00fcr KidsFox bereiten wir Sie auf einen effizienten Herbst vor.","og_url":"https:\/\/foxeducation.com\/de\/kidsfox\/auftakt\/","og_site_name":"FoxEducation","article_publisher":"https:\/\/www.facebook.com\/schoolfoxcom\/","article_modified_time":"2025-08-29T11:51:33+00:00","twitter_card":"summary_large_image","twitter_misc":{"Gesch\u00e4tzte Lesezeit":"1\u00a0Minute"},"schema":{"@context":"https:\/\/schema.org","@graph":[{"@type":"WebPage","@id":"https:\/\/foxeducation.com\/de\/kidsfox\/auftakt\/","url":"https:\/\/foxeducation.com\/de\/kidsfox\/auftakt\/","name":"Weiterbildung f\u00fcr KidsFox","isPartOf":{"@id":"https:\/\/foxeducation.com\/de\/#website"},"datePublished":"2024-07-19T11:01:41+00:00","dateModified":"2025-08-29T11:51:33+00:00","description":"Machen Sie sich schlau! Mit unserem neuen Weiterbildungsprogramm f\u00fcr KidsFox bereiten wir Sie auf einen effizienten Herbst vor.","breadcrumb":{"@id":"https:\/\/foxeducation.com\/de\/kidsfox\/auftakt\/#breadcrumb"},"inLanguage":"de","potentialAction":[{"@type":"ReadAction","target":["https:\/\/foxeducation.com\/de\/kidsfox\/auftakt\/"]}]},{"@type":"BreadcrumbList","@id":"https:\/\/foxeducation.com\/de\/kidsfox\/auftakt\/#breadcrumb","itemListElement":[{"@type":"ListItem","position":1,"name":"Home","item":"https:\/\/foxeducation.com\/de\/"},{"@type":"ListItem","position":2,"name":"KidsFox","item":"https:\/\/foxeducation.com\/de\/kidsfox\/"},{"@type":"ListItem","position":3,"name":"KidsFox Auftaktgespr\u00e4che"}]},{"@type":"WebSite","@id":"https:\/\/foxeducation.com\/de\/#website","url":"https:\/\/foxeducation.com\/de\/","name":"Foxeducation","description":"The School Messenger","publisher":{"@id":"https:\/\/foxeducation.com\/de\/#organization"},"potentialAction":[{"@type":"SearchAction","target":{"@type":"EntryPoint","urlTemplate":"https:\/\/foxeducation.com\/de\/?s={search_term_string}"},"query-input":{"@type":"PropertyValueSpecification","valueRequired":true,"valueName":"search_term_string"}}],"inLanguage":"de"},{"@type":"Organization","@id":"https:\/\/foxeducation.com\/de\/#organization","name":"Fox Education Services GmbH","url":"https:\/\/foxeducation.com\/de\/","logo":{"@type":"ImageObject","inLanguage":"de","@id":"https:\/\/foxeducation.com\/de\/#\/schema\/logo\/image\/","url":"https:\/\/foxeducation.com\/wp-content\/uploads\/2022\/01\/foxeducation-Logo-Round.png","contentUrl":"https:\/\/foxeducation.com\/wp-content\/uploads\/2022\/01\/foxeducation-Logo-Round.png","width":512,"height":512,"caption":"Fox Education Services GmbH"},"image":{"@id":"https:\/\/foxeducation.com\/de\/#\/schema\/logo\/image\/"},"sameAs":["https:\/\/www.facebook.com\/schoolfoxcom\/","https:\/\/www.linkedin.com\/company\/schoolfox"]}]}},"_links":{"self":[{"href":"https:\/\/foxeducation.com\/de\/wp-json\/wp\/v2\/pages\/32378","targetHints":{"allow":["GET"]}}],"collection":[{"href":"https:\/\/foxeducation.com\/de\/wp-json\/wp\/v2\/pages"}],"about":[{"href":"https:\/\/foxeducation.com\/de\/wp-json\/wp\/v2\/types\/page"}],"author":[{"embeddable":true,"href":"https:\/\/foxeducation.com\/de\/wp-json\/wp\/v2\/users\/31"}],"replies":[{"embeddable":true,"href":"https:\/\/foxeducation.com\/de\/wp-json\/wp\/v2\/comments?post=32378"}],"version-history":[{"count":39,"href":"https:\/\/foxeducation.com\/de\/wp-json\/wp\/v2\/pages\/32378\/revisions"}],"predecessor-version":[{"id":33906,"href":"https:\/\/foxeducation.com\/de\/wp-json\/wp\/v2\/pages\/32378\/revisions\/33906"}],"up":[{"embeddable":true,"href":"https:\/\/foxeducation.com\/de\/wp-json\/wp\/v2\/pages\/4960"}],"wp:attachment":[{"href":"https:\/\/foxeducation.com\/de\/wp-json\/wp\/v2\/media?parent=32378"}],"curies":[{"name":"wp","href":"https:\/\/api.w.org\/{rel}","templated":true}]}}