{"id":31526,"date":"2024-04-19T11:43:26","date_gmt":"2024-04-19T09:43:26","guid":{"rendered":"https:\/\/foxeducation.com\/?page_id=31526"},"modified":"2024-04-19T14:03:03","modified_gmt":"2024-04-19T12:03:03","slug":"news","status":"publish","type":"page","link":"https:\/\/foxeducation.com\/de\/news\/","title":{"rendered":"News"},"content":{"rendered":"<p><div class=\"fusion-fullwidth fullwidth-box fusion-builder-row-1 fusion-flex-container nonhundred-percent-fullwidth non-hundred-percent-height-scrolling top-container \" style=\"--awb-border-radius-top-left:0px;--awb-border-radius-top-right:0px;--awb-border-radius-bottom-right:0px;--awb-border-radius-bottom-left:0px;--awb-padding-top:50px;--awb-padding-right:0px;--awb-padding-bottom:50px;--awb-padding-left:0px;--awb-padding-right-medium:38px;--awb-padding-left-medium:38px;--awb-padding-right-small:38px;--awb-padding-left-small:38px;--awb-background-color:#ffffff;--awb-flex-wrap:wrap;\" ><div class=\"fusion-builder-row fusion-row fusion-flex-align-items-flex-start fusion-flex-content-wrap\" style=\"max-width:1155.44px;margin-left: calc(-4% \/ 2 );margin-right: calc(-4% \/ 2 );\"><div class=\"fusion-layout-column fusion_builder_column fusion-builder-column-0 fusion_builder_column_1_2 1_2 fusion-flex-column fusion-flex-align-self-center\" style=\"--awb-bg-size:cover;--awb-width-large:50%;--awb-margin-top-large:10px;--awb-spacing-right-large:3.84%;--awb-margin-bottom-large:10px;--awb-spacing-left-large:3.84%;--awb-width-medium:100%;--awb-order-medium:2;--awb-margin-top-medium:0;--awb-spacing-right-medium:1.92%;--awb-margin-bottom-medium:30px;--awb-spacing-left-medium:1.92%;--awb-width-small:100%;--awb-order-small:2;--awb-margin-top-small:0;--awb-spacing-right-small:1.92%;--awb-margin-bottom-small:30px;--awb-spacing-left-small:1.92%;\"><div class=\"fusion-column-wrapper fusion-column-has-shadow fusion-flex-justify-content-center fusion-content-layout-column\"><div class=\"fusion-title title fusion-title-1 fusion-sep-none fusion-title-text fusion-title-size-one\" style=\"--awb-text-color:#050559;--awb-margin-top:0px;--awb-margin-bottom:19px;--awb-margin-top-small:10px;--awb-margin-right-small:0px;--awb-margin-bottom-small:30px;--awb-margin-left-small:0px;--awb-margin-bottom-medium:30px;--awb-font-size:40px;\"><h1 class=\"fusion-title-heading title-heading-left fusion-responsive-typography-calculated\" style=\"font-family:&quot;Gilroy Bold&quot;;font-style:normal;font-weight:400;margin:0;font-size:1em;--fontSize:40;line-height:1.15;\">Neuigkeiten aus dem FoxBau<\/h1><\/div><div class=\"fusion-text fusion-text-1 fusion-text-no-margin\" style=\"--awb-content-alignment:left;--awb-font-size:24px;--awb-line-height:32px;--awb-margin-top:0px;--awb-margin-right:0px;--awb-margin-bottom:0px;--awb-margin-left:0px;--awb-text-font-family:&quot;Gilroy Regular&quot;;--awb-text-font-style:normal;--awb-text-font-weight:400;\"><p>Hinter den Kulissen unserer FoxApps tut sich so einiges &#8211; hier fassen wir die wichtigsten Neuigkeiten und Informationen aus dem FoxBau f\u00fcr Sie zusammen.<\/p>\n<\/div><\/div><\/div><div class=\"fusion-layout-column fusion_builder_column fusion-builder-column-1 fusion_builder_column_1_2 1_2 fusion-flex-column fusion-flex-align-self-center\" style=\"--awb-padding-top:0px;--awb-padding-right:0px;--awb-padding-bottom:0px;--awb-padding-left:0px;--awb-bg-size:cover;--awb-width-large:50%;--awb-margin-top-large:10px;--awb-spacing-right-large:3.84%;--awb-margin-bottom-large:10px;--awb-spacing-left-large:3.84%;--awb-width-medium:100%;--awb-order-medium:1;--awb-margin-top-medium:40px;--awb-spacing-right-medium:1.92%;--awb-margin-bottom-medium:50px;--awb-spacing-left-medium:1.92%;--awb-width-small:100%;--awb-order-small:1;--awb-margin-top-small:40px;--awb-spacing-right-small:1.92%;--awb-margin-bottom-small:50px;--awb-spacing-left-small:1.92%;\"><div class=\"fusion-column-wrapper fusion-column-has-shadow fusion-flex-justify-content-center fusion-content-layout-column\"><div class=\"fusion-lottie fusion-lottie-1\" data-id=\"1\" style=\"--awb-max-width:450px;--awb-width:100%;\"><div class=\"fusion-lottie-animation lg-ml-auto lg-ml-auto md-mx-auto sm-mx-auto\" data-path=\"https:\/\/foxeducation.com\/wp-content\/uploads\/2023\/11\/FE-Blog-Hero-Animation-1.json\" data-loop=\"1\" data-reverse=\"0\" data-speed=\"1\" data-trigger=\"none\"><lottie-player loop=\"1\" speed=\"1\"><\/lottie-player><\/div><\/div><\/div><\/div><\/div><\/div><div class=\"fusion-fullwidth fullwidth-box fusion-builder-row-2 fusion-flex-container nonhundred-percent-fullwidth non-hundred-percent-height-scrolling\" style=\"--awb-border-radius-top-left:0px;--awb-border-radius-top-right:0px;--awb-border-radius-bottom-right:0px;--awb-border-radius-bottom-left:0px;--awb-flex-wrap:wrap;\" ><div class=\"fusion-builder-row fusion-row fusion-flex-align-items-flex-start fusion-flex-content-wrap\" style=\"max-width:1155.44px;margin-left: calc(-4% \/ 2 );margin-right: calc(-4% \/ 2 );\"><div class=\"fusion-layout-column fusion_builder_column fusion-builder-column-2 fusion_builder_column_1_1 1_1 fusion-flex-column\" style=\"--awb-bg-size:cover;--awb-width-large:100%;--awb-margin-top-large:10px;--awb-spacing-right-large:1.92%;--awb-margin-bottom-large:10px;--awb-spacing-left-large:1.92%;--awb-width-medium:100%;--awb-order-medium:0;--awb-spacing-right-medium:1.92%;--awb-spacing-left-medium:1.92%;--awb-width-small:100%;--awb-order-small:0;--awb-spacing-right-small:1.92%;--awb-spacing-left-small:1.92%;\"><div class=\"fusion-column-wrapper fusion-column-has-shadow fusion-flex-justify-content-flex-start fusion-content-layout-column\"><div class=\"fusion-text fusion-text-2\"><div class=\"row blog-overview\"><div class=\"col-lg-4 col-md-4 col-sm-12 col-xs-12 blog-post-preview\"><div class=\"blog-post-preview-image\"><img decoding=\"async\" src=\"https:\/\/foxeducation.com\/wp-content\/uploads\/2024\/07\/FESdui-News-announcement-07.2024.jpg\"\/><\/div><div class=\"blog-post-preview-date\"><div style=\"width: 100%;display: flex;\"><div style=\"display: inline-block; width: 60px;\"><span class=\"badge bg-light-grey\" style=\"margin-bottom: 0;\">16.07.2024<\/span><\/div><\/div><\/div><div class=\"blog-post-preview-content\"><h3 class=\"blog-post-preview-title\"><a href=\"https:\/\/foxeducation.com\/de\/news\/sdui-kauft-foxeducation-und-sammelt-weitere-21-millionen-euro-ein\/\" title=\"Sdui kauft FoxEducation und sammelt weitere 21 Millionen Euro ein\">Sdui kauft FoxEducation und sammelt weitere 21 Millionen Euro ein<\/a><\/h4><div class=\"blog-post-preview-body\">Koblenz\/Wien, 17. Juli 2024. Die Koblenzer Sdui Gruppe, einer der f\u00fchrenden Anbieter von Bildungstechnologien in Europa, hat die Bildungsplattform FoxEducation mit seinen Marken SchoolFox, KidsFox und TeamFox \u00fcbernommen. Die Fox Education Services GmbH geh\u00f6rte bisher GoStudent, einer der weltweit f\u00fchrenden Nachhilfeanbieter und Bildungsplattformen, an.<\/div><\/div><div class=\"blog-post-preview-read-more-button\"><a class=\"fusion-button fusion-button-default-size button-default fusion-button-default-type round-button-text\" target=\"_self\" href=\"https:\/\/foxeducation.com\/de\/news\/sdui-kauft-foxeducation-und-sammelt-weitere-21-millionen-euro-ein\/\" >Mehr lesen<i class=\"fa-arrow-right fas button-icon-right\" aria-hidden=\"true\"><\/i><\/a><\/div><\/div><div class=\"col-lg-4 col-md-4 col-sm-12 col-xs-12 blog-post-preview\"><div class=\"blog-post-preview-image\"><img decoding=\"async\" src=\"https:\/\/foxeducation.com\/wp-content\/uploads\/2024\/04\/FE-News-announcement-NOSFKF-04.2024.jpg\"\/><\/div><div class=\"blog-post-preview-date\"><div style=\"width: 100%;display: flex;\"><div style=\"display: inline-block; width: 60px;\"><span class=\"badge bg-light-grey\" style=\"margin-bottom: 0;\">18.04.2024<\/span><\/div><\/div><\/div><div class=\"blog-post-preview-content\"><h3 class=\"blog-post-preview-title\"><a href=\"https:\/\/foxeducation.com\/de\/news\/zusammenarbeit-mit-land-niederoesterreich-verlaengert\/\" title=\"Neuigkeiten aus dem FoxBau: Land Nieder\u00f6sterreich setzt weiterhin auf FoxApps\">Neuigkeiten aus dem FoxBau: Land Nieder\u00f6sterreich setzt weiterhin auf FoxApps<\/a><\/h4><div class=\"blog-post-preview-body\">St.P\u00f6lten\/Wien, April 2024. Bereits seit 2019 wird SchoolFox als einfach zu bedienende App f\u00fcr die Kommunikation zwischen Nieder\u00f6sterreichs Pflichtschulen und Eltern genutzt. Ab April 2020 konnte auch den N\u00d6 Kinderg\u00e4rten eine f\u00fcr Kinderg\u00e4rten entwickelte App \u2013 n\u00e4mlich KidsFox \u2013 zur Verf\u00fcgung gestellt werden. Im Jahr 2021 kam die Nutzungsm\u00f6glichkeit f\u00fcr Musikschulen und Kleinkindbetreuungseinrichtungen hinzu.<\/div><\/div><div class=\"blog-post-preview-read-more-button\"><a class=\"fusion-button fusion-button-default-size button-default fusion-button-default-type round-button-text\" target=\"_self\" href=\"https:\/\/foxeducation.com\/de\/news\/zusammenarbeit-mit-land-niederoesterreich-verlaengert\/\" >Mehr lesen<i class=\"fa-arrow-right fas button-icon-right\" aria-hidden=\"true\"><\/i><\/a><\/div><\/div><\/div>\n<\/div><\/div><\/div><\/div><\/div><\/p>\n","protected":false},"excerpt":{"rendered":"","protected":false},"author":22,"featured_media":0,"parent":0,"menu_order":0,"comment_status":"closed","ping_status":"closed","template":"","meta":{"footnotes":""},"class_list":["post-31526","page","type-page","status-publish","hentry"],"yoast_head":"<!-- This site is optimized with the Yoast SEO plugin v27.3 - https:\/\/yoast.com\/product\/yoast-seo-wordpress\/ -->\n<title>FoxEducation Neuigkeiten<\/title>\n<meta name=\"description\" content=\"Neuigkeiten und Informationen \u00fcber unsere Apps SchoolFox und KidsFox sowie das Unternehmen FoxEducation.\" \/>\n<meta name=\"robots\" content=\"index, follow, max-snippet:-1, max-image-preview:large, max-video-preview:-1\" \/>\n<link rel=\"canonical\" href=\"https:\/\/foxeducation.com\/de\/news\/\" \/>\n<meta property=\"og:locale\" content=\"de_DE\" \/>\n<meta property=\"og:type\" content=\"article\" \/>\n<meta property=\"og:title\" content=\"FoxEducation Neuigkeiten\" \/>\n<meta property=\"og:description\" content=\"Neuigkeiten und Informationen \u00fcber unsere Apps SchoolFox und KidsFox sowie das Unternehmen FoxEducation.\" \/>\n<meta property=\"og:url\" content=\"https:\/\/foxeducation.com\/de\/news\/\" \/>\n<meta property=\"og:site_name\" content=\"FoxEducation\" \/>\n<meta property=\"article:publisher\" content=\"https:\/\/www.facebook.com\/schoolfoxcom\/\" \/>\n<meta property=\"article:modified_time\" content=\"2024-04-19T12:03:03+00:00\" \/>\n<meta name=\"twitter:card\" content=\"summary_large_image\" \/>\n<meta name=\"twitter:label1\" content=\"Gesch\u00e4tzte Lesezeit\" \/>\n\t<meta name=\"twitter:data1\" content=\"4\u00a0Minuten\" \/>\n<script type=\"application\/ld+json\" class=\"yoast-schema-graph\">{\"@context\":\"https:\\\/\\\/schema.org\",\"@graph\":[{\"@type\":\"WebPage\",\"@id\":\"https:\\\/\\\/foxeducation.com\\\/de\\\/news\\\/\",\"url\":\"https:\\\/\\\/foxeducation.com\\\/de\\\/news\\\/\",\"name\":\"FoxEducation Neuigkeiten\",\"isPartOf\":{\"@id\":\"https:\\\/\\\/foxeducation.com\\\/de\\\/#website\"},\"datePublished\":\"2024-04-19T09:43:26+00:00\",\"dateModified\":\"2024-04-19T12:03:03+00:00\",\"description\":\"Neuigkeiten und Informationen \u00fcber unsere Apps SchoolFox und KidsFox sowie das Unternehmen FoxEducation.\",\"breadcrumb\":{\"@id\":\"https:\\\/\\\/foxeducation.com\\\/de\\\/news\\\/#breadcrumb\"},\"inLanguage\":\"de\",\"potentialAction\":[{\"@type\":\"ReadAction\",\"target\":[\"https:\\\/\\\/foxeducation.com\\\/de\\\/news\\\/\"]}]},{\"@type\":\"BreadcrumbList\",\"@id\":\"https:\\\/\\\/foxeducation.com\\\/de\\\/news\\\/#breadcrumb\",\"itemListElement\":[{\"@type\":\"ListItem\",\"position\":1,\"name\":\"Home\",\"item\":\"https:\\\/\\\/foxeducation.com\\\/de\\\/\"},{\"@type\":\"ListItem\",\"position\":2,\"name\":\"News\"}]},{\"@type\":\"WebSite\",\"@id\":\"https:\\\/\\\/foxeducation.com\\\/de\\\/#website\",\"url\":\"https:\\\/\\\/foxeducation.com\\\/de\\\/\",\"name\":\"Foxeducation\",\"description\":\"The School Messenger\",\"publisher\":{\"@id\":\"https:\\\/\\\/foxeducation.com\\\/de\\\/#organization\"},\"potentialAction\":[{\"@type\":\"SearchAction\",\"target\":{\"@type\":\"EntryPoint\",\"urlTemplate\":\"https:\\\/\\\/foxeducation.com\\\/de\\\/?s={search_term_string}\"},\"query-input\":{\"@type\":\"PropertyValueSpecification\",\"valueRequired\":true,\"valueName\":\"search_term_string\"}}],\"inLanguage\":\"de\"},{\"@type\":\"Organization\",\"@id\":\"https:\\\/\\\/foxeducation.com\\\/de\\\/#organization\",\"name\":\"Fox Education Services GmbH\",\"url\":\"https:\\\/\\\/foxeducation.com\\\/de\\\/\",\"logo\":{\"@type\":\"ImageObject\",\"inLanguage\":\"de\",\"@id\":\"https:\\\/\\\/foxeducation.com\\\/de\\\/#\\\/schema\\\/logo\\\/image\\\/\",\"url\":\"https:\\\/\\\/foxeducation.com\\\/wp-content\\\/uploads\\\/2022\\\/01\\\/foxeducation-Logo-Round.png\",\"contentUrl\":\"https:\\\/\\\/foxeducation.com\\\/wp-content\\\/uploads\\\/2022\\\/01\\\/foxeducation-Logo-Round.png\",\"width\":512,\"height\":512,\"caption\":\"Fox Education Services GmbH\"},\"image\":{\"@id\":\"https:\\\/\\\/foxeducation.com\\\/de\\\/#\\\/schema\\\/logo\\\/image\\\/\"},\"sameAs\":[\"https:\\\/\\\/www.facebook.com\\\/schoolfoxcom\\\/\",\"https:\\\/\\\/www.linkedin.com\\\/company\\\/schoolfox\"]}]}<\/script>\n<!-- \/ Yoast SEO plugin. -->","yoast_head_json":{"title":"FoxEducation Neuigkeiten","description":"Neuigkeiten und Informationen \u00fcber unsere Apps SchoolFox und KidsFox sowie das Unternehmen FoxEducation.","robots":{"index":"index","follow":"follow","max-snippet":"max-snippet:-1","max-image-preview":"max-image-preview:large","max-video-preview":"max-video-preview:-1"},"canonical":"https:\/\/foxeducation.com\/de\/news\/","og_locale":"de_DE","og_type":"article","og_title":"FoxEducation Neuigkeiten","og_description":"Neuigkeiten und Informationen \u00fcber unsere Apps SchoolFox und KidsFox sowie das Unternehmen FoxEducation.","og_url":"https:\/\/foxeducation.com\/de\/news\/","og_site_name":"FoxEducation","article_publisher":"https:\/\/www.facebook.com\/schoolfoxcom\/","article_modified_time":"2024-04-19T12:03:03+00:00","twitter_card":"summary_large_image","twitter_misc":{"Gesch\u00e4tzte Lesezeit":"4\u00a0Minuten"},"schema":{"@context":"https:\/\/schema.org","@graph":[{"@type":"WebPage","@id":"https:\/\/foxeducation.com\/de\/news\/","url":"https:\/\/foxeducation.com\/de\/news\/","name":"FoxEducation Neuigkeiten","isPartOf":{"@id":"https:\/\/foxeducation.com\/de\/#website"},"datePublished":"2024-04-19T09:43:26+00:00","dateModified":"2024-04-19T12:03:03+00:00","description":"Neuigkeiten und Informationen \u00fcber unsere Apps SchoolFox und KidsFox sowie das Unternehmen FoxEducation.","breadcrumb":{"@id":"https:\/\/foxeducation.com\/de\/news\/#breadcrumb"},"inLanguage":"de","potentialAction":[{"@type":"ReadAction","target":["https:\/\/foxeducation.com\/de\/news\/"]}]},{"@type":"BreadcrumbList","@id":"https:\/\/foxeducation.com\/de\/news\/#breadcrumb","itemListElement":[{"@type":"ListItem","position":1,"name":"Home","item":"https:\/\/foxeducation.com\/de\/"},{"@type":"ListItem","position":2,"name":"News"}]},{"@type":"WebSite","@id":"https:\/\/foxeducation.com\/de\/#website","url":"https:\/\/foxeducation.com\/de\/","name":"Foxeducation","description":"The School Messenger","publisher":{"@id":"https:\/\/foxeducation.com\/de\/#organization"},"potentialAction":[{"@type":"SearchAction","target":{"@type":"EntryPoint","urlTemplate":"https:\/\/foxeducation.com\/de\/?s={search_term_string}"},"query-input":{"@type":"PropertyValueSpecification","valueRequired":true,"valueName":"search_term_string"}}],"inLanguage":"de"},{"@type":"Organization","@id":"https:\/\/foxeducation.com\/de\/#organization","name":"Fox Education Services GmbH","url":"https:\/\/foxeducation.com\/de\/","logo":{"@type":"ImageObject","inLanguage":"de","@id":"https:\/\/foxeducation.com\/de\/#\/schema\/logo\/image\/","url":"https:\/\/foxeducation.com\/wp-content\/uploads\/2022\/01\/foxeducation-Logo-Round.png","contentUrl":"https:\/\/foxeducation.com\/wp-content\/uploads\/2022\/01\/foxeducation-Logo-Round.png","width":512,"height":512,"caption":"Fox Education Services GmbH"},"image":{"@id":"https:\/\/foxeducation.com\/de\/#\/schema\/logo\/image\/"},"sameAs":["https:\/\/www.facebook.com\/schoolfoxcom\/","https:\/\/www.linkedin.com\/company\/schoolfox"]}]}},"_links":{"self":[{"href":"https:\/\/foxeducation.com\/de\/wp-json\/wp\/v2\/pages\/31526","targetHints":{"allow":["GET"]}}],"collection":[{"href":"https:\/\/foxeducation.com\/de\/wp-json\/wp\/v2\/pages"}],"about":[{"href":"https:\/\/foxeducation.com\/de\/wp-json\/wp\/v2\/types\/page"}],"author":[{"embeddable":true,"href":"https:\/\/foxeducation.com\/de\/wp-json\/wp\/v2\/users\/22"}],"replies":[{"embeddable":true,"href":"https:\/\/foxeducation.com\/de\/wp-json\/wp\/v2\/comments?post=31526"}],"version-history":[{"count":4,"href":"https:\/\/foxeducation.com\/de\/wp-json\/wp\/v2\/pages\/31526\/revisions"}],"predecessor-version":[{"id":31533,"href":"https:\/\/foxeducation.com\/de\/wp-json\/wp\/v2\/pages\/31526\/revisions\/31533"}],"wp:attachment":[{"href":"https:\/\/foxeducation.com\/de\/wp-json\/wp\/v2\/media?parent=31526"}],"curies":[{"name":"wp","href":"https:\/\/api.w.org\/{rel}","templated":true}]}}