{"id":25760,"date":"2023-04-27T14:08:53","date_gmt":"2023-04-27T12:08:53","guid":{"rendered":"https:\/\/foxeducation.com\/?page_id=25760"},"modified":"2025-08-28T09:44:36","modified_gmt":"2025-08-28T07:44:36","slug":"portfolio-webinar","status":"publish","type":"page","link":"https:\/\/foxeducation.com\/de\/portfolio-webinar\/","title":{"rendered":"Portfolio Webinar &#8211; Registration Page"},"content":{"rendered":"<p><div class=\"fusion-fullwidth fullwidth-box fusion-builder-row-1 fusion-flex-container nonhundred-percent-fullwidth non-hundred-percent-height-scrolling\" style=\"--awb-border-radius-top-left:0px;--awb-border-radius-top-right:0px;--awb-border-radius-bottom-right:0px;--awb-border-radius-bottom-left:0px;--awb-padding-bottom:40px;--awb-margin-top:-10px;--awb-flex-wrap:wrap;\" ><div class=\"fusion-builder-row fusion-row fusion-flex-align-items-center fusion-flex-content-wrap\" style=\"max-width:1155.44px;margin-left: calc(-4% \/ 2 );margin-right: calc(-4% \/ 2 );\"><div class=\"fusion-layout-column fusion_builder_column fusion-builder-column-0 fusion_builder_column_1_2 1_2 fusion-flex-column\" style=\"--awb-bg-size:cover;--awb-width-large:50%;--awb-margin-top-large:10px;--awb-spacing-right-large:3.84%;--awb-margin-bottom-large:10px;--awb-spacing-left-large:3.84%;--awb-width-medium:100%;--awb-order-medium:1;--awb-spacing-right-medium:1.92%;--awb-spacing-left-medium:1.92%;--awb-width-small:100%;--awb-order-small:1;--awb-spacing-right-small:1.92%;--awb-spacing-left-small:1.92%;\"><div class=\"fusion-column-wrapper fusion-column-has-shadow fusion-flex-justify-content-flex-start fusion-content-layout-column\"><div class=\"fusion-title title fusion-title-1 fusion-sep-none fusion-title-text fusion-title-size-div schoolfox-container-2627-title\" style=\"--awb-text-color:#050559;--awb-margin-top-small:0px;--awb-margin-right-small:0px;--awb-margin-bottom-small:16px;--awb-margin-left-small:0px;--awb-margin-top-medium:0px;--awb-margin-bottom-medium:16px;--awb-font-size:40px;\" id=\"schoolfox-container-2627-title\"><div class=\"fusion-title-heading title-heading-left title-heading-tag fusion-responsive-typography-calculated\" style=\"font-family:&quot;Gilroy Bold&quot;;font-style:normal;font-weight:400;margin:0;font-size:1em;--fontSize:40;line-height:1.25;\">Digitales Portfolio: Neue Dimensionen f\u00fcr Ihre Portfolioarbeit<\/div><\/div><\/div><\/div><div class=\"fusion-layout-column fusion_builder_column fusion-builder-column-1 fusion_builder_column_1_2 1_2 fusion-flex-column fusion-flex-align-self-center\" style=\"--awb-bg-size:cover;--awb-width-large:50%;--awb-margin-top-large:10px;--awb-spacing-right-large:3.84%;--awb-margin-bottom-large:10px;--awb-spacing-left-large:3.84%;--awb-width-medium:100%;--awb-order-medium:0;--awb-spacing-right-medium:1.92%;--awb-spacing-left-medium:1.92%;--awb-width-small:100%;--awb-order-small:0;--awb-spacing-right-small:1.92%;--awb-spacing-left-small:1.92%;\"><div class=\"fusion-column-wrapper fusion-column-has-shadow fusion-flex-justify-content-center fusion-content-layout-column\"><div class=\"fusion-image-element md-text-align-center sm-text-align-center\" style=\"--awb-max-width:500px;--awb-caption-title-font-family:var(--h2_typography-font-family);--awb-caption-title-font-weight:var(--h2_typography-font-weight);--awb-caption-title-font-style:var(--h2_typography-font-style);--awb-caption-title-size:var(--h2_typography-font-size);--awb-caption-title-transform:var(--h2_typography-text-transform);--awb-caption-title-line-height:var(--h2_typography-line-height);--awb-caption-title-letter-spacing:var(--h2_typography-letter-spacing);\"><span class=\" fusion-imageframe imageframe-none imageframe-1 hover-type-none\"><img decoding=\"async\" width=\"2061\" height=\"1575\" title=\"Foxi-graphic landing page\" src=\"https:\/\/foxeducation.com\/wp-content\/uploads\/2022\/08\/Foxi-graphic-landing-page.png\" alt class=\"img-responsive wp-image-33034\" srcset=\"https:\/\/foxeducation.com\/wp-content\/uploads\/2022\/08\/Foxi-graphic-landing-page-200x153.png 200w, https:\/\/foxeducation.com\/wp-content\/uploads\/2022\/08\/Foxi-graphic-landing-page-400x306.png 400w, https:\/\/foxeducation.com\/wp-content\/uploads\/2022\/08\/Foxi-graphic-landing-page-600x459.png 600w, https:\/\/foxeducation.com\/wp-content\/uploads\/2022\/08\/Foxi-graphic-landing-page-800x611.png 800w, https:\/\/foxeducation.com\/wp-content\/uploads\/2022\/08\/Foxi-graphic-landing-page-1200x917.png 1200w, https:\/\/foxeducation.com\/wp-content\/uploads\/2022\/08\/Foxi-graphic-landing-page.png 2061w\" sizes=\"(max-width: 1024px) 100vw, (max-width: 640px) 100vw, 600px\" \/><\/span><\/div><\/div><\/div><\/div><\/div><div class=\"fusion-fullwidth fullwidth-box fusion-builder-row-2 fusion-flex-container nonhundred-percent-fullwidth non-hundred-percent-height-scrolling\" style=\"--awb-border-radius-top-left:0px;--awb-border-radius-top-right:0px;--awb-border-radius-bottom-right:0px;--awb-border-radius-bottom-left:0px;--awb-padding-top:50px;--awb-padding-bottom:40px;--awb-background-color:#f8f8fb;--awb-flex-wrap:wrap;\" ><div class=\"fusion-builder-row fusion-row fusion-flex-align-items-flex-start fusion-flex-content-wrap\" style=\"max-width:1155.44px;margin-left: calc(-4% \/ 2 );margin-right: calc(-4% \/ 2 );\"><div class=\"fusion-layout-column fusion_builder_column fusion-builder-column-2 fusion_builder_column_1_1 1_1 fusion-flex-column\" style=\"--awb-bg-size:cover;--awb-width-large:100%;--awb-margin-top-large:10px;--awb-spacing-right-large:1.92%;--awb-margin-bottom-large:10px;--awb-spacing-left-large:1.92%;--awb-width-medium:100%;--awb-order-medium:0;--awb-spacing-right-medium:1.92%;--awb-spacing-left-medium:1.92%;--awb-width-small:100%;--awb-order-small:0;--awb-spacing-right-small:1.92%;--awb-spacing-left-small:1.92%;\"><div class=\"fusion-column-wrapper fusion-column-has-shadow fusion-flex-justify-content-flex-start fusion-content-layout-column\"><div class=\"fusion-title title fusion-title-2 fusion-sep-none fusion-title-text fusion-title-size-two schoolfox-container-2627-title\" style=\"--awb-text-color:#050559;--awb-margin-top-small:0px;--awb-margin-right-small:0px;--awb-margin-bottom-small:16px;--awb-margin-left-small:0px;--awb-margin-top-medium:0px;--awb-margin-bottom-medium:16px;\" id=\"schoolfox-container-2627-title\"><h2 class=\"fusion-title-heading title-heading-left fusion-responsive-typography-calculated\" style=\"margin:0;--fontSize:32;line-height:1.25;\">Kostenloses Webinar f\u00fcr Lehrkr\u00e4fte und Kita-P\u00e4dagog*innen<\/h2><\/div><div class=\"fusion-text fusion-text-1\"><p>Wir wissen, dass einem bei Portfolios oft die Aquarellbilder und Basteleien um die Ohren fliegen, und haben daher mit dem FoxPortfolio eine digitale L\u00f6sung f\u00fcr mehr Ordnung und \u00dcberblick entwickelt.<\/p>\n<p>In diesem einst\u00fcndigen Webinar zeigen wir Ihnen die Funktionsweise unseres digitalen Portfolios und viele konkrete Anwendungsbeispiele f\u00fcr Schulen und Kitas.<br \/>\nUnd dann gibt es da auch noch die Foxi App, die nicht nur Kinderaugen strahlen l\u00e4sst, sondern vor allem Kreativit\u00e4t und Interaktivit\u00e4t f\u00f6rdert.<\/p>\n<\/div><\/div><\/div><\/div><\/div><div id=\"anmeldung\" class=\"fusion-container-anchor\"><div class=\"fusion-fullwidth fullwidth-box fusion-builder-row-3 fusion-flex-container fusion-parallax-none nonhundred-percent-fullwidth non-hundred-percent-height-scrolling\" style=\"--awb-border-radius-top-left:0px;--awb-border-radius-top-right:0px;--awb-border-radius-bottom-right:0px;--awb-border-radius-bottom-left:0px;--awb-padding-top:60px;--awb-padding-bottom:60px;--awb-margin-bottom:-100px;--awb-margin-bottom-medium:-100px;--awb-margin-bottom-small:-100px;--awb-background-image:url(&quot;https:\/\/foxeducation.com\/wp-content\/uploads\/2022\/09\/Background-Image-Webinar.svg&quot;);--awb-background-size:cover;--awb-flex-wrap:wrap;\" ><div class=\"fusion-builder-row fusion-row fusion-flex-align-items-center fusion-flex-justify-content-center fusion-flex-content-wrap\" style=\"max-width:1155.44px;margin-left: calc(-4% \/ 2 );margin-right: calc(-4% \/ 2 );\"><div class=\"fusion-layout-column fusion_builder_column fusion-builder-column-3 fusion_builder_column_1_1 1_1 fusion-flex-column\" style=\"--awb-bg-size:cover;--awb-width-large:100%;--awb-margin-top-large:10px;--awb-spacing-right-large:1.92%;--awb-margin-bottom-large:10px;--awb-spacing-left-large:1.92%;--awb-width-medium:100%;--awb-order-medium:0;--awb-spacing-right-medium:1.92%;--awb-spacing-left-medium:1.92%;--awb-width-small:100%;--awb-order-small:0;--awb-spacing-right-small:1.92%;--awb-spacing-left-small:1.92%;\"><div class=\"fusion-column-wrapper fusion-column-has-shadow fusion-flex-justify-content-flex-start fusion-content-layout-column\"><div class=\"fusion-title title fusion-title-3 fusion-sep-none fusion-title-center fusion-title-text fusion-title-size-two schoolfox-container-2627-title\" style=\"--awb-text-color:#050559;--awb-margin-top-small:10px;--awb-margin-right-small:0px;--awb-margin-bottom-small:16px;--awb-margin-left-small:0px;--awb-margin-top-medium:0px;--awb-margin-bottom-medium:16px;\" id=\"schoolfox-container-2627-title\"><h2 class=\"fusion-title-heading title-heading-center fusion-responsive-typography-calculated\" style=\"margin:0;--fontSize:32;line-height:1.25;\">Aufzeichnung ansehen<\/h2><\/div><\/div><\/div><div class=\"fusion-layout-column fusion_builder_column fusion-builder-column-4 fusion_builder_column_1_1 1_1 fusion-flex-column\" style=\"--awb-padding-top:10px;--awb-padding-right:20px;--awb-padding-bottom:10px;--awb-padding-left:20px;--awb-padding-top-medium:50px;--awb-padding-right-medium:50px;--awb-padding-bottom-medium:50px;--awb-padding-left-medium:50px;--awb-padding-top-small:50px;--awb-padding-right-small:0px;--awb-padding-bottom-small:50px;--awb-padding-left-small:0px;--awb-overflow:hidden;--awb-bg-color:#ffffff;--awb-bg-color-hover:#ffffff;--awb-bg-size:cover;--awb-border-radius:16px 16px 16px 16px;--awb-width-large:100%;--awb-margin-top-large:10px;--awb-spacing-right-large:1.92%;--awb-margin-bottom-large:10px;--awb-spacing-left-large:1.92%;--awb-width-medium:100%;--awb-order-medium:1;--awb-margin-top-medium:50px;--awb-spacing-right-medium:1.92%;--awb-margin-bottom-medium:50px;--awb-spacing-left-medium:1.92%;--awb-width-small:100%;--awb-order-small:1;--awb-margin-top-small:50px;--awb-spacing-right-small:1.92%;--awb-margin-bottom-small:50px;--awb-spacing-left-small:1.92%;\" data-scroll-devices=\"small-visibility,medium-visibility,large-visibility\"><div class=\"fusion-column-wrapper fusion-column-has-shadow fusion-flex-justify-content-flex-start fusion-content-layout-column\"><div class=\"fusion-builder-row fusion-builder-row-inner fusion-row fusion-flex-align-items-center fusion-flex-justify-content-center fusion-flex-content-wrap\" style=\"--awb-flex-grow:0;--awb-flex-grow-medium:0;--awb-flex-grow-small:0;--awb-flex-shrink:0;--awb-flex-shrink-medium:0;--awb-flex-shrink-small:0;width:104% !important;max-width:104% !important;margin-left: calc(-4% \/ 2 );margin-right: calc(-4% \/ 2 );\"><div class=\"fusion-layout-column fusion_builder_column_inner fusion-builder-nested-column-0 fusion_builder_column_inner_1_1 1_1 fusion-flex-column fusion-flex-align-self-center\" style=\"--awb-bg-size:cover;--awb-width-large:100%;--awb-margin-top-large:10px;--awb-spacing-right-large:1.92%;--awb-margin-bottom-large:10px;--awb-spacing-left-large:1.92%;--awb-width-medium:100%;--awb-order-medium:0;--awb-spacing-right-medium:1.92%;--awb-spacing-left-medium:1.92%;--awb-width-small:100%;--awb-order-small:0;--awb-spacing-right-small:1.92%;--awb-spacing-left-small:1.92%;\"><div class=\"fusion-column-wrapper fusion-column-has-shadow fusion-flex-justify-content-flex-start fusion-content-layout-column\"><div class=\"fusion-text fusion-text-2 schoolfox-container-2627-text\" style=\"--awb-content-alignment:left;--awb-font-size:18px;--awb-text-color:#000000;--awb-margin-right:20px;\" id=\"schoolfox-container-2627-text\"><p style=\"text-align: center;\">Bitte f\u00fcllen Sie das untenstehende <strong>Formular<\/strong> aus, danach erhalten Sie automatisch Zugang zur Aufzeichnung.<\/p>\n<\/div><\/div><\/div><\/div><iframe id=\"pardot-form\" src=\"https:\/\/go.foxeducation.com\/l\/1095722\/2025-06-03\/8ltsv8\" type=\"text\/html\" frameborder=\"0\" style=\"width:100%; min-height:400px;\"><\/iframe>\n\n<script>\nwindow.addEventListener(\"message\", function(event) {\n  \/\/ if (event.origin !== \"https:\/\/go.foxeducation.com\") return; \/\/ opcional por seguridad\n\n  if (event.data && event.data.pardotFormHeight) {\n    var iframe = document.getElementById(\"pardot-form\");\n    if (iframe) {\n      iframe.style.height = event.data.pardotFormHeight + \"px\";\n\n      \/\/ \ud83d\udc47 Hacer scroll al iframe (para que se vea el inicio del thank-you)\n      iframe.scrollIntoView({ behavior: \"smooth\", block: \"start\" });\n    }\n  }\n}, false);\n<\/script><\/div><\/div><\/div><\/div><\/div><\/p>\n","protected":false},"excerpt":{"rendered":"","protected":false},"author":22,"featured_media":0,"parent":0,"menu_order":0,"comment_status":"closed","ping_status":"closed","template":"foxeducation-landing-page.php","meta":{"footnotes":""},"class_list":["post-25760","page","type-page","status-publish","hentry"],"yoast_head":"<!-- This site is optimized with the Yoast SEO plugin v27.3 - https:\/\/yoast.com\/product\/yoast-seo-wordpress\/ -->\n<title>Kostenloses Webinar: Digitales Portfolio | FoxEducation<\/title>\n<meta name=\"description\" content=\"In diesem kostenlosen Webinar erfahren Lehrkr\u00e4fte und P\u00e4dgagog*innen, wie sie das volle Potential eines digitalen Portfolios im Unterricht aussch\u00f6pfen k\u00f6nnen.\" \/>\n<meta name=\"robots\" content=\"index, follow, max-snippet:-1, max-image-preview:large, max-video-preview:-1\" \/>\n<link rel=\"canonical\" href=\"https:\/\/foxeducation.com\/de\/portfolio-webinar\/\" \/>\n<meta property=\"og:locale\" content=\"de_DE\" \/>\n<meta property=\"og:type\" content=\"article\" \/>\n<meta property=\"og:title\" content=\"Kostenloses Webinar: Digitales Portfolio | FoxEducation\" \/>\n<meta property=\"og:description\" content=\"In diesem kostenlosen Webinar erfahren Lehrkr\u00e4fte und P\u00e4dgagog*innen, wie sie das volle Potential eines digitalen Portfolios im Unterricht aussch\u00f6pfen k\u00f6nnen.\" \/>\n<meta property=\"og:url\" content=\"https:\/\/foxeducation.com\/de\/portfolio-webinar\/\" \/>\n<meta property=\"og:site_name\" content=\"FoxEducation\" \/>\n<meta property=\"article:publisher\" content=\"https:\/\/www.facebook.com\/schoolfoxcom\/\" \/>\n<meta property=\"article:modified_time\" content=\"2025-08-28T07:44:36+00:00\" \/>\n<meta name=\"twitter:card\" content=\"summary_large_image\" \/>\n<script type=\"application\/ld+json\" class=\"yoast-schema-graph\">{\"@context\":\"https:\\\/\\\/schema.org\",\"@graph\":[{\"@type\":\"WebPage\",\"@id\":\"https:\\\/\\\/foxeducation.com\\\/de\\\/portfolio-webinar\\\/\",\"url\":\"https:\\\/\\\/foxeducation.com\\\/de\\\/portfolio-webinar\\\/\",\"name\":\"Kostenloses Webinar: Digitales Portfolio | FoxEducation\",\"isPartOf\":{\"@id\":\"https:\\\/\\\/foxeducation.com\\\/de\\\/#website\"},\"datePublished\":\"2023-04-27T12:08:53+00:00\",\"dateModified\":\"2025-08-28T07:44:36+00:00\",\"description\":\"In diesem kostenlosen Webinar erfahren Lehrkr\u00e4fte und P\u00e4dgagog*innen, wie sie das volle Potential eines digitalen Portfolios im Unterricht aussch\u00f6pfen k\u00f6nnen.\",\"breadcrumb\":{\"@id\":\"https:\\\/\\\/foxeducation.com\\\/de\\\/portfolio-webinar\\\/#breadcrumb\"},\"inLanguage\":\"de\",\"potentialAction\":[{\"@type\":\"ReadAction\",\"target\":[\"https:\\\/\\\/foxeducation.com\\\/de\\\/portfolio-webinar\\\/\"]}]},{\"@type\":\"BreadcrumbList\",\"@id\":\"https:\\\/\\\/foxeducation.com\\\/de\\\/portfolio-webinar\\\/#breadcrumb\",\"itemListElement\":[{\"@type\":\"ListItem\",\"position\":1,\"name\":\"Home\",\"item\":\"https:\\\/\\\/foxeducation.com\\\/de\\\/\"},{\"@type\":\"ListItem\",\"position\":2,\"name\":\"Portfolio Webinar &#8211; Registration Page\"}]},{\"@type\":\"WebSite\",\"@id\":\"https:\\\/\\\/foxeducation.com\\\/de\\\/#website\",\"url\":\"https:\\\/\\\/foxeducation.com\\\/de\\\/\",\"name\":\"Foxeducation\",\"description\":\"The School Messenger\",\"publisher\":{\"@id\":\"https:\\\/\\\/foxeducation.com\\\/de\\\/#organization\"},\"potentialAction\":[{\"@type\":\"SearchAction\",\"target\":{\"@type\":\"EntryPoint\",\"urlTemplate\":\"https:\\\/\\\/foxeducation.com\\\/de\\\/?s={search_term_string}\"},\"query-input\":{\"@type\":\"PropertyValueSpecification\",\"valueRequired\":true,\"valueName\":\"search_term_string\"}}],\"inLanguage\":\"de\"},{\"@type\":\"Organization\",\"@id\":\"https:\\\/\\\/foxeducation.com\\\/de\\\/#organization\",\"name\":\"Fox Education Services GmbH\",\"url\":\"https:\\\/\\\/foxeducation.com\\\/de\\\/\",\"logo\":{\"@type\":\"ImageObject\",\"inLanguage\":\"de\",\"@id\":\"https:\\\/\\\/foxeducation.com\\\/de\\\/#\\\/schema\\\/logo\\\/image\\\/\",\"url\":\"https:\\\/\\\/foxeducation.com\\\/wp-content\\\/uploads\\\/2022\\\/01\\\/foxeducation-Logo-Round.png\",\"contentUrl\":\"https:\\\/\\\/foxeducation.com\\\/wp-content\\\/uploads\\\/2022\\\/01\\\/foxeducation-Logo-Round.png\",\"width\":512,\"height\":512,\"caption\":\"Fox Education Services GmbH\"},\"image\":{\"@id\":\"https:\\\/\\\/foxeducation.com\\\/de\\\/#\\\/schema\\\/logo\\\/image\\\/\"},\"sameAs\":[\"https:\\\/\\\/www.facebook.com\\\/schoolfoxcom\\\/\",\"https:\\\/\\\/www.linkedin.com\\\/company\\\/schoolfox\"]}]}<\/script>\n<!-- \/ Yoast SEO plugin. -->","yoast_head_json":{"title":"Kostenloses Webinar: Digitales Portfolio | FoxEducation","description":"In diesem kostenlosen Webinar erfahren Lehrkr\u00e4fte und P\u00e4dgagog*innen, wie sie das volle Potential eines digitalen Portfolios im Unterricht aussch\u00f6pfen k\u00f6nnen.","robots":{"index":"index","follow":"follow","max-snippet":"max-snippet:-1","max-image-preview":"max-image-preview:large","max-video-preview":"max-video-preview:-1"},"canonical":"https:\/\/foxeducation.com\/de\/portfolio-webinar\/","og_locale":"de_DE","og_type":"article","og_title":"Kostenloses Webinar: Digitales Portfolio | FoxEducation","og_description":"In diesem kostenlosen Webinar erfahren Lehrkr\u00e4fte und P\u00e4dgagog*innen, wie sie das volle Potential eines digitalen Portfolios im Unterricht aussch\u00f6pfen k\u00f6nnen.","og_url":"https:\/\/foxeducation.com\/de\/portfolio-webinar\/","og_site_name":"FoxEducation","article_publisher":"https:\/\/www.facebook.com\/schoolfoxcom\/","article_modified_time":"2025-08-28T07:44:36+00:00","twitter_card":"summary_large_image","schema":{"@context":"https:\/\/schema.org","@graph":[{"@type":"WebPage","@id":"https:\/\/foxeducation.com\/de\/portfolio-webinar\/","url":"https:\/\/foxeducation.com\/de\/portfolio-webinar\/","name":"Kostenloses Webinar: Digitales Portfolio | FoxEducation","isPartOf":{"@id":"https:\/\/foxeducation.com\/de\/#website"},"datePublished":"2023-04-27T12:08:53+00:00","dateModified":"2025-08-28T07:44:36+00:00","description":"In diesem kostenlosen Webinar erfahren Lehrkr\u00e4fte und P\u00e4dgagog*innen, wie sie das volle Potential eines digitalen Portfolios im Unterricht aussch\u00f6pfen k\u00f6nnen.","breadcrumb":{"@id":"https:\/\/foxeducation.com\/de\/portfolio-webinar\/#breadcrumb"},"inLanguage":"de","potentialAction":[{"@type":"ReadAction","target":["https:\/\/foxeducation.com\/de\/portfolio-webinar\/"]}]},{"@type":"BreadcrumbList","@id":"https:\/\/foxeducation.com\/de\/portfolio-webinar\/#breadcrumb","itemListElement":[{"@type":"ListItem","position":1,"name":"Home","item":"https:\/\/foxeducation.com\/de\/"},{"@type":"ListItem","position":2,"name":"Portfolio Webinar &#8211; Registration Page"}]},{"@type":"WebSite","@id":"https:\/\/foxeducation.com\/de\/#website","url":"https:\/\/foxeducation.com\/de\/","name":"Foxeducation","description":"The School Messenger","publisher":{"@id":"https:\/\/foxeducation.com\/de\/#organization"},"potentialAction":[{"@type":"SearchAction","target":{"@type":"EntryPoint","urlTemplate":"https:\/\/foxeducation.com\/de\/?s={search_term_string}"},"query-input":{"@type":"PropertyValueSpecification","valueRequired":true,"valueName":"search_term_string"}}],"inLanguage":"de"},{"@type":"Organization","@id":"https:\/\/foxeducation.com\/de\/#organization","name":"Fox Education Services GmbH","url":"https:\/\/foxeducation.com\/de\/","logo":{"@type":"ImageObject","inLanguage":"de","@id":"https:\/\/foxeducation.com\/de\/#\/schema\/logo\/image\/","url":"https:\/\/foxeducation.com\/wp-content\/uploads\/2022\/01\/foxeducation-Logo-Round.png","contentUrl":"https:\/\/foxeducation.com\/wp-content\/uploads\/2022\/01\/foxeducation-Logo-Round.png","width":512,"height":512,"caption":"Fox Education Services GmbH"},"image":{"@id":"https:\/\/foxeducation.com\/de\/#\/schema\/logo\/image\/"},"sameAs":["https:\/\/www.facebook.com\/schoolfoxcom\/","https:\/\/www.linkedin.com\/company\/schoolfox"]}]}},"_links":{"self":[{"href":"https:\/\/foxeducation.com\/de\/wp-json\/wp\/v2\/pages\/25760","targetHints":{"allow":["GET"]}}],"collection":[{"href":"https:\/\/foxeducation.com\/de\/wp-json\/wp\/v2\/pages"}],"about":[{"href":"https:\/\/foxeducation.com\/de\/wp-json\/wp\/v2\/types\/page"}],"author":[{"embeddable":true,"href":"https:\/\/foxeducation.com\/de\/wp-json\/wp\/v2\/users\/22"}],"replies":[{"embeddable":true,"href":"https:\/\/foxeducation.com\/de\/wp-json\/wp\/v2\/comments?post=25760"}],"version-history":[{"count":19,"href":"https:\/\/foxeducation.com\/de\/wp-json\/wp\/v2\/pages\/25760\/revisions"}],"predecessor-version":[{"id":33846,"href":"https:\/\/foxeducation.com\/de\/wp-json\/wp\/v2\/pages\/25760\/revisions\/33846"}],"wp:attachment":[{"href":"https:\/\/foxeducation.com\/de\/wp-json\/wp\/v2\/media?parent=25760"}],"curies":[{"name":"wp","href":"https:\/\/api.w.org\/{rel}","templated":true}]}}