{"id":17812,"date":"2022-07-29T12:03:18","date_gmt":"2022-07-29T10:03:18","guid":{"rendered":"https:\/\/foxeducation.com\/?page_id=17812"},"modified":"2022-08-31T10:24:06","modified_gmt":"2022-08-31T08:24:06","slug":"teilnahmebedingungen-traumschule","status":"publish","type":"page","link":"https:\/\/foxeducation.com\/de\/teilnahmebedingungen-traumschule\/","title":{"rendered":"Teilnahmebedingungen Traumschule"},"content":{"rendered":"<div class=\"fusion-fullwidth fullwidth-box fusion-builder-row-1 fusion-flex-container nonhundred-percent-fullwidth non-hundred-percent-height-scrolling\" style=\"--awb-border-radius-top-left:0px;--awb-border-radius-top-right:0px;--awb-border-radius-bottom-right:0px;--awb-border-radius-bottom-left:0px;--awb-flex-wrap:wrap;\" ><div class=\"fusion-builder-row fusion-row fusion-flex-align-items-flex-start fusion-flex-content-wrap\" style=\"max-width:1155.44px;margin-left: calc(-4% \/ 2 );margin-right: calc(-4% \/ 2 );\"><div class=\"fusion-layout-column fusion_builder_column fusion-builder-column-0 fusion_builder_column_1_1 1_1 fusion-flex-column\" style=\"--awb-bg-size:cover;--awb-width-large:100%;--awb-margin-top-large:0px;--awb-spacing-right-large:1.92%;--awb-margin-bottom-large:0px;--awb-spacing-left-large:1.92%;--awb-width-medium:100%;--awb-spacing-right-medium:1.92%;--awb-spacing-left-medium:1.92%;--awb-width-small:100%;--awb-spacing-right-small:1.92%;--awb-spacing-left-small:1.92%;\"><div class=\"fusion-column-wrapper fusion-flex-justify-content-flex-start fusion-content-layout-column\"><div class=\"fusion-title title fusion-title-1 fusion-sep-none fusion-title-text fusion-title-size-one\" style=\"--awb-margin-bottom:10px;--awb-margin-top-small:10px;--awb-margin-right-small:0px;--awb-margin-bottom-small:20px;--awb-margin-left-small:0px;\"><h1 class=\"fusion-title-heading title-heading-left fusion-responsive-typography-calculated\" style=\"margin:0;--fontSize:48;line-height:1.13;\"><h1><b>Teilnahmebedingungen Social Media-Gewinnspiel \u201e<\/b><b>Foxi f\u00fcr alle<\/b><b>\u201c<\/b><\/h1><\/h1><\/div><div class=\"fusion-text fusion-text-1\"><p><span style=\"font-weight: 400;\">Teilnahmeberechtigt an diesem Gewinnspiel &#8222;<\/span><b>Foxi f\u00fcr alle<\/b><span style=\"font-weight: 400;\">\u201c der Fox Education Services GmbH,<\/span> <span style=\"font-weight: 400;\">(im Folgenden FoxEducation), Liechtensteinstra\u00dfe 25\/DG, 1090 Wien, sind alle<\/span> <span style=\"font-weight: 400;\">Personen mit Wohnsitz in \u00d6sterreich oder Deutschland,\u00a0 die zum Zeitpunkt ihrer Teilnahme das 18. Lebensjahr vollendet haben. Eine Teilnahme \u00fcber Gewinnspielvereine oder automatisierte Dienste ist nicht gestattet. Ebenso sind Privatpersonen und sonstige Organisationen von der Teilnahme ausgeschlossen.<\/span><\/p>\n<p><span style=\"font-weight: 400;\">Die Teilnahme ist nur f\u00fcr P\u00e4dagog*innen in Kinderg\u00e4rten mit \u00d6ffentlichkeitsrecht in \u00d6sterreich oder Deutschland mit Nachweis gestattet.\u00a0<\/span><\/p>\n<p><span style=\"font-weight: 400;\">Voraussetzung f\u00fcr die Teilnahme ist das Hochladen eines Videos zum Thema \u201cSagt uns, wie die Traumschule eurer Kindergartengruppe aussieht\u201d auf der Website <\/span><a href=\"http:\/\/www.foxeducation.com\/gewinnspiel\"><span style=\"font-weight: 400;\">www.foxeducation.com\/<\/span><\/a><span style=\"font-weight: 400;\">traumschule.<\/span><\/p>\n<p><span style=\"font-weight: 400;\">FoxEducation w\u00e4hlt daraufhin nach eigenem Ermessen drei Videos aus, welche auf den eigenen sozialen K\u00e4nalen auf Facebook (www.facebook.com\/FoxEducation.DACH) und Instagram (www.instagram.com\/foxeducation_dach) ver\u00f6ffentlicht werden. Ab dem Zeitpunkt der Ver\u00f6ffentlichung bis zum im Posting kommunizierten Teilnahmeschluss werden alle Interaktionen mit den jeweiligen Beitr\u00e4gen (liken, kommentieren, teilen, speichern) gewertet. Der Beitrag mit den meisten Interaktionen (Summe der Interaktionen auf Facebook und Summe der Interaktionen auf Instagram) gewinnt.<\/span><\/p>\n<p><span style=\"font-weight: 400;\">Mit der Erf\u00fcllung der Voraussetzungen erkl\u00e4rt die teilnehmende Person die nachfolgenden Teilnahmebedingungen gelesen zu haben und diese ohne Einschr\u00e4nkungen zu akzeptieren.<\/span><\/p>\n<ol>\n<li style=\"font-weight: 400;\" aria-level=\"1\"><span style=\"font-weight: 400;\">Die teilnehmende Person nimmt zur Kenntnis, dass nur rechtzeitige und den Kriterien entsprechende Videos ber\u00fccksichtigt werden k\u00f6nnen.<\/span><\/li>\n<li style=\"font-weight: 400;\" aria-level=\"1\"><span style=\"font-weight: 400;\">Die teilnehmende Person tr\u00e4gt die alleinige Verantwortung f\u00fcr die inhaltliche Richtigkeit der von ihm gemachten Angaben.<\/span><\/li>\n<li style=\"font-weight: 400;\" aria-level=\"1\"><span style=\"font-weight: 400;\">Pro Person ist nur eine Teilnahme m\u00f6glich. Die Teilnahme \u00fcber mehrere Instagram-Accounts ist nicht zul\u00e4ssig.<\/span><\/li>\n<li style=\"font-weight: 400;\" aria-level=\"1\"><span style=\"font-weight: 400;\">Der teilnehmende Person nimmt zur Kenntnis, dass die Fotos der Gewinne lediglich als Beispielabbildungen dienen.<\/span><\/li>\n<li style=\"font-weight: 400;\" aria-level=\"1\"><span style=\"font-weight: 400;\">Die Teilnahme ist vom <\/span><span style=\"font-weight: 400;\">11.08.2022, 6:00 Uhr bis 30.09.2022, 23:59 Uhr<\/span><span style=\"font-weight: 400;\"> m\u00f6glich, kostenlos und mit keiner Kaufverpflichtung verbunden.<\/span><\/li>\n<li style=\"font-weight: 400;\" aria-level=\"1\"><span style=\"font-weight: 400;\">Unter allen Teilnehmenden wird ein SAMSUNG\u00ae Galaxy\u00ae Tablet verlost.<\/span><\/li>\n<li style=\"font-weight: 400;\" aria-level=\"1\"><span style=\"font-weight: 400;\">FoxEducation beh\u00e4lt sich ausdr\u00fccklich das Recht vor, die jeweils angek\u00fcndigten Gewinne ohne Angabe von Gr\u00fcnden durch gleich\u2010 oder h\u00f6herwertige Preise auszutauschen.<\/span><\/li>\n<li style=\"font-weight: 400;\" aria-level=\"1\"><span style=\"font-weight: 400;\">Die teilnehmende Person erkl\u00e4rt sich damit einverstanden, dass ihr Video sowie ihr Instagram- bzw. Facebook-Name im Falle ihres Gewinns auf der FoxEducation Facebook-Seite (www.facebook.com\/FoxEducation.DACH) und Instagram-Seite (www.instagram.com\/foxeducation_dach) ver\u00f6ffentlicht wird.<\/span><span style=\"font-weight: 400;\"><br \/>\n<\/span><span style=\"font-weight: 400;\"><br \/>\n<\/span><span style=\"font-weight: 400;\">Die teilnehmende Person erkl\u00e4rt ihre ausdr\u00fcckliche Zustimmung, dass ihre angegebenen Daten von FoxEducation f\u00fcr die Durchf\u00fchrung des Gewinnspiels verarbeitet werden d\u00fcrfen. Eine Weitergabe der Daten an Dritte, ausgenommen dies ist zur Durchf\u00fchrung des Gewinnspiels erforderlich (Kundenservice bzw. Marketing f\u00fcr die Verst\u00e4ndigung, Zustelldienste f\u00fcr Zustellung des Gewinns), ist ausgeschlossen. Nach Abschluss des Gewinnspiels werden die Daten gel\u00f6scht. Diese Zustimmung kann jederzeit durch schriftliche Mitteilung an <\/span><span style=\"font-weight: 400;\">support@foxeducation.com<\/span><span style=\"font-weight: 400;\"> widerrufen werden.<\/span><\/li>\n<li style=\"font-weight: 400;\" aria-level=\"1\"><span style=\"font-weight: 400;\">FoxEducation beh\u00e4lt sich das Recht vor, Inhalte rassistischer und\/oder diskriminierender Art zu l\u00f6schen und vom Gewinnspiel auszuschlie\u00dfen.<\/span><\/li>\n<li style=\"font-weight: 400;\" aria-level=\"1\"><span style=\"font-weight: 400;\">FoxEducation \u00fcbernimmt keine Haftung hinsichtlich technischer Defekte, fehlerhafter Daten\u00fcbertragungen sowie f\u00fcr etwaige technische Schwierigkeiten, die die Teilnahme am Gewinnspiel beeinflussen k\u00f6nnten. FoxEducation beh\u00e4lt sich vor, das Gewinnspiel jederzeit ohne Angaben von Gr\u00fcnden abzubrechen oder zu beenden. Hieraus entstehen keine Anspr\u00fcche der teilnehmenden Personen gegen\u00fcber FoxEducation.<\/span><span style=\"font-weight: 400;\"><br \/>\n<\/span><\/li>\n<li style=\"font-weight: 400;\" aria-level=\"1\"><span style=\"font-weight: 400;\">FoxEducation beh\u00e4lt sich das Recht vor, teilnehmende Personen, die gegen die Teilnahmebedingungen versto\u00dfen oder durch technische Manipulation versuchen, das Gewinnspiel in irgendeiner Form zu beeinflussen, von eben diesem auszuschlie\u00dfen. Im Falle eines Ausschlusses vom Gewinnspiel steht es FoxEducation frei, die Gewinne auch noch nachtr\u00e4glich abzuerkennen und zur\u00fcckzufordern.<\/span><\/li>\n<li style=\"font-weight: 400;\" aria-level=\"1\"><span style=\"font-weight: 400;\">FoxEducation \u00fcbernimmt keine Haftung oder Gew\u00e4hrleistung f\u00fcr die bezogenen Gewinne oder eine bestimmte Beschaffenheit oder Werthaltigkeit der Gewinne.<\/span><\/li>\n<li style=\"font-weight: 400;\" aria-level=\"1\"><span style=\"font-weight: 400;\">Im \u00dcbrigen haftet FoxEducation nur f\u00fcr Vorsatz und grobe Fahrl\u00e4ssigkeit. Die leichte Fahrl\u00e4ssigkeit wird, sofern gesetzlich zul\u00e4ssig, ausgeschlossen.<\/span><\/li>\n<li style=\"font-weight: 400;\" aria-level=\"1\"><span style=\"font-weight: 400;\">Die Wahl der drei vorgestellten Videos findet unter Ausschluss der \u00d6ffentlichkeit nach eigenem Ermessen statt.<\/span><\/li>\n<li style=\"font-weight: 400;\" aria-level=\"1\"><span style=\"font-weight: 400;\">Die gewinnende Person wird schriftlich mittels E-Mail \u00fcber ihren Gewinn verst\u00e4ndigt. Die gewinnende Person hat binnen 4 Tagen nach Bekanntgabe des Gewinns ihre Kontaktdaten (vollst\u00e4ndiger Name und Anschrift f\u00fcr Zustellung) an FoxEducation via E-Mail an die in der Gewinnerverst\u00e4ndigung von FoxEducation bekanntgegebene E-Mailadresse bekanntzugeben. Die Gewinn\u00fcbermittlung erfolgt durch FoxEducation.<\/span><\/li>\n<li style=\"font-weight: 400;\" aria-level=\"1\"><span style=\"font-weight: 400;\">Der Gewinn kann bis 2 Wochen nach Bekanntgabe der Gewinner eingefordert werden.<\/span><\/li>\n<li style=\"font-weight: 400;\" aria-level=\"1\"><span style=\"font-weight: 400;\">Keine Barabl\u00f6se, \u00dcbertragung, Refundierung oder Umtausch des jeweiligen Gewinns m\u00f6glich.<\/span><\/li>\n<li style=\"font-weight: 400;\" aria-level=\"1\"><span style=\"font-weight: 400;\">Allf\u00e4llige Steuern, Abgaben und nicht im Gewinn enthaltene Kosten sind vom jeweiligen Gewinner zu tragen.<\/span><span style=\"font-weight: 400;\"><br \/>\n<\/span><span style=\"font-weight: 400;\"><br \/>\n<\/span><span style=\"font-weight: 400;\">Das gesamte Gewinnspiel unterliegt \u00f6sterreichischem Recht unter Ausschluss der Verweisungsnormen. Der Rechtsweg ist ausgeschlossen; \u00fcber das Gewinnspiel kann kein Schriftverkehr gef\u00fchrt werden. Es besteht kein einklagbarer Anspruch auf Auszahlung des Gewinns.<\/span><\/li>\n<li style=\"font-weight: 400;\" aria-level=\"1\"><span style=\"font-weight: 400;\">Sollten einzelne Bestimmungen dieser Teilnahmebedingungen unwirksam sein oder werden, so wird dadurch die Rechtswirksamkeit der \u00fcbrigen Teilnahmebedingungen nicht ber\u00fchrt. An ihre Stelle tritt eine Regelung, die dem Zweck der unwirksamen Bestimmungen am ehesten entspricht.<\/span><span style=\"font-weight: 400;\"><br \/>\n<\/span><\/li>\n<li style=\"font-weight: 400;\" aria-level=\"1\"><span style=\"font-weight: 400;\">Das Gewinnspiel von FoxEducation steht in keinerlei Verbindung zu Instagram oder Facebook und wird in keiner Weise von Instagram oder Facebook gesponsert, unterst\u00fctzt oder organisiert. Der Empf\u00e4nger der von den teilnehmenden Personen bereitgestellten Informationen ist nicht Instagram oder Facebook, sondern FoxEducation.<\/span><\/li>\n<\/ol>\n<\/div><\/div><\/div><\/div><\/div>\n","protected":false},"excerpt":{"rendered":"","protected":false},"author":26,"featured_media":0,"parent":0,"menu_order":0,"comment_status":"closed","ping_status":"closed","template":"","meta":{"footnotes":""},"class_list":["post-17812","page","type-page","status-publish","hentry"],"yoast_head":"<!-- This site is optimized with the Yoast SEO plugin v27.2 - https:\/\/yoast.com\/product\/yoast-seo-wordpress\/ -->\n<title>FoxEducation Gewinnspiel Teilnahmebedingung<\/title>\n<meta name=\"description\" content=\"Hier finden Sie alle relevanten Informationen \u00fcber unser Gewinnspiel &#039;Foxi f\u00fcr alle&#039; und s\u00e4mtliche Teilnahmebediengungen.\" \/>\n<meta name=\"robots\" content=\"index, follow, max-snippet:-1, max-image-preview:large, max-video-preview:-1\" \/>\n<link rel=\"canonical\" href=\"https:\/\/foxeducation.com\/de\/teilnahmebedingungen-traumschule\/\" \/>\n<meta property=\"og:locale\" content=\"de_DE\" \/>\n<meta property=\"og:type\" content=\"article\" \/>\n<meta property=\"og:title\" content=\"FoxEducation Gewinnspiel Teilnahmebedingung\" \/>\n<meta property=\"og:description\" content=\"Hier finden Sie alle relevanten Informationen \u00fcber unser Gewinnspiel &#039;Foxi f\u00fcr alle&#039; und s\u00e4mtliche Teilnahmebediengungen.\" \/>\n<meta property=\"og:url\" content=\"https:\/\/foxeducation.com\/de\/teilnahmebedingungen-traumschule\/\" \/>\n<meta property=\"og:site_name\" content=\"FoxEducation\" \/>\n<meta property=\"article:publisher\" content=\"https:\/\/www.facebook.com\/schoolfoxcom\/\" \/>\n<meta property=\"article:modified_time\" content=\"2022-08-31T08:24:06+00:00\" \/>\n<meta name=\"twitter:card\" content=\"summary_large_image\" \/>\n<meta name=\"twitter:label1\" content=\"Gesch\u00e4tzte Lesezeit\" \/>\n\t<meta name=\"twitter:data1\" content=\"4\u00a0Minuten\" \/>\n<script type=\"application\/ld+json\" class=\"yoast-schema-graph\">{\"@context\":\"https:\/\/schema.org\",\"@graph\":[{\"@type\":\"WebPage\",\"@id\":\"https:\/\/foxeducation.com\/de\/teilnahmebedingungen-traumschule\/\",\"url\":\"https:\/\/foxeducation.com\/de\/teilnahmebedingungen-traumschule\/\",\"name\":\"FoxEducation Gewinnspiel Teilnahmebedingung\",\"isPartOf\":{\"@id\":\"https:\/\/foxeducation.com\/de\/#website\"},\"datePublished\":\"2022-07-29T10:03:18+00:00\",\"dateModified\":\"2022-08-31T08:24:06+00:00\",\"description\":\"Hier finden Sie alle relevanten Informationen \u00fcber unser Gewinnspiel 'Foxi f\u00fcr alle' und s\u00e4mtliche Teilnahmebediengungen.\",\"breadcrumb\":{\"@id\":\"https:\/\/foxeducation.com\/de\/teilnahmebedingungen-traumschule\/#breadcrumb\"},\"inLanguage\":\"de\",\"potentialAction\":[{\"@type\":\"ReadAction\",\"target\":[\"https:\/\/foxeducation.com\/de\/teilnahmebedingungen-traumschule\/\"]}]},{\"@type\":\"BreadcrumbList\",\"@id\":\"https:\/\/foxeducation.com\/de\/teilnahmebedingungen-traumschule\/#breadcrumb\",\"itemListElement\":[{\"@type\":\"ListItem\",\"position\":1,\"name\":\"Home\",\"item\":\"https:\/\/foxeducation.com\/de\/\"},{\"@type\":\"ListItem\",\"position\":2,\"name\":\"Teilnahmebedingungen Traumschule\"}]},{\"@type\":\"WebSite\",\"@id\":\"https:\/\/foxeducation.com\/de\/#website\",\"url\":\"https:\/\/foxeducation.com\/de\/\",\"name\":\"Foxeducation\",\"description\":\"The School Messenger\",\"publisher\":{\"@id\":\"https:\/\/foxeducation.com\/de\/#organization\"},\"potentialAction\":[{\"@type\":\"SearchAction\",\"target\":{\"@type\":\"EntryPoint\",\"urlTemplate\":\"https:\/\/foxeducation.com\/de\/?s={search_term_string}\"},\"query-input\":{\"@type\":\"PropertyValueSpecification\",\"valueRequired\":true,\"valueName\":\"search_term_string\"}}],\"inLanguage\":\"de\"},{\"@type\":\"Organization\",\"@id\":\"https:\/\/foxeducation.com\/de\/#organization\",\"name\":\"Fox Education Services GmbH\",\"url\":\"https:\/\/foxeducation.com\/de\/\",\"logo\":{\"@type\":\"ImageObject\",\"inLanguage\":\"de\",\"@id\":\"https:\/\/foxeducation.com\/de\/#\/schema\/logo\/image\/\",\"url\":\"https:\/\/foxeducation.com\/wp-content\/uploads\/2022\/01\/foxeducation-Logo-Round.png\",\"contentUrl\":\"https:\/\/foxeducation.com\/wp-content\/uploads\/2022\/01\/foxeducation-Logo-Round.png\",\"width\":512,\"height\":512,\"caption\":\"Fox Education Services GmbH\"},\"image\":{\"@id\":\"https:\/\/foxeducation.com\/de\/#\/schema\/logo\/image\/\"},\"sameAs\":[\"https:\/\/www.facebook.com\/schoolfoxcom\/\",\"https:\/\/www.linkedin.com\/company\/schoolfox\"]}]}<\/script>\n<!-- \/ Yoast SEO plugin. -->","yoast_head_json":{"title":"FoxEducation Gewinnspiel Teilnahmebedingung","description":"Hier finden Sie alle relevanten Informationen \u00fcber unser Gewinnspiel 'Foxi f\u00fcr alle' und s\u00e4mtliche Teilnahmebediengungen.","robots":{"index":"index","follow":"follow","max-snippet":"max-snippet:-1","max-image-preview":"max-image-preview:large","max-video-preview":"max-video-preview:-1"},"canonical":"https:\/\/foxeducation.com\/de\/teilnahmebedingungen-traumschule\/","og_locale":"de_DE","og_type":"article","og_title":"FoxEducation Gewinnspiel Teilnahmebedingung","og_description":"Hier finden Sie alle relevanten Informationen \u00fcber unser Gewinnspiel 'Foxi f\u00fcr alle' und s\u00e4mtliche Teilnahmebediengungen.","og_url":"https:\/\/foxeducation.com\/de\/teilnahmebedingungen-traumschule\/","og_site_name":"FoxEducation","article_publisher":"https:\/\/www.facebook.com\/schoolfoxcom\/","article_modified_time":"2022-08-31T08:24:06+00:00","twitter_card":"summary_large_image","twitter_misc":{"Gesch\u00e4tzte Lesezeit":"4\u00a0Minuten"},"schema":{"@context":"https:\/\/schema.org","@graph":[{"@type":"WebPage","@id":"https:\/\/foxeducation.com\/de\/teilnahmebedingungen-traumschule\/","url":"https:\/\/foxeducation.com\/de\/teilnahmebedingungen-traumschule\/","name":"FoxEducation Gewinnspiel Teilnahmebedingung","isPartOf":{"@id":"https:\/\/foxeducation.com\/de\/#website"},"datePublished":"2022-07-29T10:03:18+00:00","dateModified":"2022-08-31T08:24:06+00:00","description":"Hier finden Sie alle relevanten Informationen \u00fcber unser Gewinnspiel 'Foxi f\u00fcr alle' und s\u00e4mtliche Teilnahmebediengungen.","breadcrumb":{"@id":"https:\/\/foxeducation.com\/de\/teilnahmebedingungen-traumschule\/#breadcrumb"},"inLanguage":"de","potentialAction":[{"@type":"ReadAction","target":["https:\/\/foxeducation.com\/de\/teilnahmebedingungen-traumschule\/"]}]},{"@type":"BreadcrumbList","@id":"https:\/\/foxeducation.com\/de\/teilnahmebedingungen-traumschule\/#breadcrumb","itemListElement":[{"@type":"ListItem","position":1,"name":"Home","item":"https:\/\/foxeducation.com\/de\/"},{"@type":"ListItem","position":2,"name":"Teilnahmebedingungen Traumschule"}]},{"@type":"WebSite","@id":"https:\/\/foxeducation.com\/de\/#website","url":"https:\/\/foxeducation.com\/de\/","name":"Foxeducation","description":"The School Messenger","publisher":{"@id":"https:\/\/foxeducation.com\/de\/#organization"},"potentialAction":[{"@type":"SearchAction","target":{"@type":"EntryPoint","urlTemplate":"https:\/\/foxeducation.com\/de\/?s={search_term_string}"},"query-input":{"@type":"PropertyValueSpecification","valueRequired":true,"valueName":"search_term_string"}}],"inLanguage":"de"},{"@type":"Organization","@id":"https:\/\/foxeducation.com\/de\/#organization","name":"Fox Education Services GmbH","url":"https:\/\/foxeducation.com\/de\/","logo":{"@type":"ImageObject","inLanguage":"de","@id":"https:\/\/foxeducation.com\/de\/#\/schema\/logo\/image\/","url":"https:\/\/foxeducation.com\/wp-content\/uploads\/2022\/01\/foxeducation-Logo-Round.png","contentUrl":"https:\/\/foxeducation.com\/wp-content\/uploads\/2022\/01\/foxeducation-Logo-Round.png","width":512,"height":512,"caption":"Fox Education Services GmbH"},"image":{"@id":"https:\/\/foxeducation.com\/de\/#\/schema\/logo\/image\/"},"sameAs":["https:\/\/www.facebook.com\/schoolfoxcom\/","https:\/\/www.linkedin.com\/company\/schoolfox"]}]}},"_links":{"self":[{"href":"https:\/\/foxeducation.com\/de\/wp-json\/wp\/v2\/pages\/17812","targetHints":{"allow":["GET"]}}],"collection":[{"href":"https:\/\/foxeducation.com\/de\/wp-json\/wp\/v2\/pages"}],"about":[{"href":"https:\/\/foxeducation.com\/de\/wp-json\/wp\/v2\/types\/page"}],"author":[{"embeddable":true,"href":"https:\/\/foxeducation.com\/de\/wp-json\/wp\/v2\/users\/26"}],"replies":[{"embeddable":true,"href":"https:\/\/foxeducation.com\/de\/wp-json\/wp\/v2\/comments?post=17812"}],"version-history":[{"count":7,"href":"https:\/\/foxeducation.com\/de\/wp-json\/wp\/v2\/pages\/17812\/revisions"}],"predecessor-version":[{"id":32941,"href":"https:\/\/foxeducation.com\/de\/wp-json\/wp\/v2\/pages\/17812\/revisions\/32941"}],"wp:attachment":[{"href":"https:\/\/foxeducation.com\/de\/wp-json\/wp\/v2\/media?parent=17812"}],"curies":[{"name":"wp","href":"https:\/\/api.w.org\/{rel}","templated":true}]}}